{"id":4915,"date":"2020-06-02T13:33:01","date_gmt":"2020-06-02T12:33:01","guid":{"rendered":"http:\/\/algornet.com\/?page_id=4915"},"modified":"2020-06-04T08:30:09","modified_gmt":"2020-06-04T07:30:09","slug":"documents-pratiques","status":"publish","type":"page","link":"http:\/\/algornet.com\/es\/documents-pratiques\/","title":{"rendered":"Documents pratiques"},"content":{"rendered":"<div data-elementor-type=\"wp-page\" data-elementor-id=\"4915\" class=\"elementor elementor-4915\" data-elementor-settings=\"[]\">\n\t\t\t\t\t\t<div class=\"elementor-inner\">\n\t\t\t\t\t\t\t<div class=\"elementor-section-wrap\">\n\t\t\t\t\t\t\t<section data-particle_enable=\"false\" data-particle-mobile-disabled=\"false\" class=\"elementor-section elementor-top-section elementor-element elementor-element-63accf8 elementor-section-boxed elementor-section-height-default elementor-section-height-default\" data-id=\"63accf8\" data-element_type=\"section\" data-settings=\"{&quot;background_background&quot;:&quot;classic&quot;}\">\n\t\t\t\t\t\t<div class=\"elementor-container elementor-column-gap-default\">\n\t\t\t\t\t\t\t<div class=\"elementor-row\">\n\t\t\t\t\t<div class=\"elementor-column elementor-col-100 elementor-top-column elementor-element elementor-element-d3ecdf4\" data-id=\"d3ecdf4\" data-element_type=\"column\" data-settings=\"{&quot;background_background&quot;:&quot;classic&quot;}\">\n\t\t\t<div class=\"elementor-column-wrap elementor-element-populated\">\n\t\t\t\t\t\t\t<div class=\"elementor-widget-wrap\">\n\t\t\t\t\t\t<div class=\"elementor-element elementor-element-6e5fafb elementor-widget elementor-widget-heading\" data-id=\"6e5fafb\" data-element_type=\"widget\" data-widget_type=\"heading.default\">\n\t\t\t\t<div class=\"elementor-widget-container\">\n\t\t\t<h2 class=\"elementor-heading-title elementor-size-default\">Documents pratiques<\/h2>\t\t<\/div>\n\t\t\t\t<\/div>\n\t\t\t\t<div class=\"elementor-element elementor-element-c20df45 elementor-widget elementor-widget-eael-adv-accordion\" data-id=\"c20df45\" data-element_type=\"widget\" data-widget_type=\"eael-adv-accordion.default\">\n\t\t\t\t<div class=\"elementor-widget-container\">\n\t\t\t        <div class=\"eael-adv-accordion\" id=\"eael-adv-accordion-c20df45\" data-accordion-id=\"c20df45\" data-accordion-type=\"toggle\" data-toogle-speed=\"300\">\n    <div class=\"eael-accordion-list\">\n                <div id=\"scolaire\" class=\"elementor-tab-title eael-accordion-header\" tabindex=\"2031\" data-tab=\"1\" role=\"tab\" aria-controls=\"elementor-tab-content-2031\"><i aria-hidden=\"true\" class=\"fa-accordion-icon fas fa-pencil-alt\"><\/i><span class=\"eael-accordion-tab-title\">SCOLAIRE<\/span><i aria-hidden=\"true\" class=\"fa-toggle fas fa-sort-down\"><\/i><\/div><div id=\"elementor-tab-content-2031\" class=\"eael-accordion-content clearfix\" data-tab=\"1\" role=\"tabpanel\" aria-labelledby=\"scolaire\"><style>.elementor-4917 .elementor-element.elementor-element-af0e41b .eael-creative-button-icon-right{margin-left:27px;}.elementor-4917 .elementor-element.elementor-element-af0e41b .eael-creative-button-icon-left{margin-right:27px;}.elementor-4917 .elementor-element.elementor-element-af0e41b .eael-creative-button--shikoba i{left:27%;}.elementor-4917 .elementor-element.elementor-element-af0e41b .eael-creative-button i{font-size:38px;color:#ffffff;}.elementor-4917 .elementor-element.elementor-element-af0e41b .eael-creative-button svg{height:38px;width:38px;fill:#040000;}.elementor-4917 .elementor-element.elementor-element-af0e41b .eael-creative-button-wrapper{justify-content:center;}.elementor-4917 .elementor-element.elementor-element-af0e41b .eael-creative-button .creative-button-inner svg{fill:#ffffff;}.elementor-4917 .elementor-element.elementor-element-af0e41b .eael-creative-button{color:#040000;background-color:#00EDAE;border-radius:66px;box-shadow:0px 0px 10px 0px rgba(0,0,0,0.5);}.elementor-4917 .elementor-element.elementor-element-af0e41b .eael-creative-button.eael-creative-button--tamaya::before{color:#040000;background-color:#00EDAE;}.elementor-4917 .elementor-element.elementor-element-af0e41b .eael-creative-button.eael-creative-button--tamaya::after{color:#040000;background-color:#00EDAE;}.elementor-4917 .elementor-element.elementor-element-af0e41b .eael-creative-button.eael-creative-button--ujarak:hover{background-color:#00EDAE;}.elementor-4917 .elementor-element.elementor-element-af0e41b .eael-creative-button.eael-creative-button--wayra:hover{background-color:#00EDAE;}.elementor-4917 .elementor-element.elementor-element-af0e41b .eael-creative-button.eael-creative-button--rayen:hover{background-color:#00EDAE;}.elementor-4917 .elementor-element.elementor-element-af0e41b .eael-creative-button.eael-creative-button--pipaluk::after{background-color:#00EDAE;}.elementor-4917 .elementor-element.elementor-element-af0e41b .eael-creative-button.eael-creative-button--wave:hover{background-color:#00EDAE;}.elementor-4917 .elementor-element.elementor-element-af0e41b .eael-creative-button.eael-creative-button--aylen::before{background-color:#00EDAE;}.elementor-4917 .elementor-element.elementor-element-af0e41b .eael-creative-button.eael-creative-button--nuka::before{background-color:#00EDAE;}.elementor-4917 .elementor-element.elementor-element-af0e41b .eael-creative-button.eael-creative-button--nuka::after{background-color:#00EDAE;}.elementor-4917 .elementor-element.elementor-element-af0e41b .eael-creative-button.eael-creative-button--antiman::after{background-color:#00EDAE;}.elementor-4917 .elementor-element.elementor-element-af0e41b .eael-creative-button.eael-creative-button--quidel::after{background-color:#00EDAE;}.elementor-4917 .elementor-element.elementor-element-af0e41b .eael-creative-button::before{border-radius:66px;}.elementor-4917 .elementor-element.elementor-element-af0e41b .eael-creative-button::after{border-radius:66px;}.elementor-4917 .elementor-element.elementor-element-af0e41b .eael-creative-button:hover i{color:#ffffff;}.elementor-4917 .elementor-element.elementor-element-af0e41b .eael-creative-button:hover .creative-button-inner svg{fill:#ffffff;}.elementor-4917 .elementor-element.elementor-element-af0e41b .eael-creative-button:hover{color:#ffffff;background-color:#f54;}.elementor-4917 .elementor-element.elementor-element-af0e41b .eael-creative-button:hover svg{fill:#ffffff;}.elementor-4917 .elementor-element.elementor-element-af0e41b .eael-creative-button.eael-creative-button--winona::after{color:#ffffff;}.elementor-4917 .elementor-element.elementor-element-af0e41b .eael-creative-button.eael-creative-button--saqui::after{color:#ffffff;}.elementor-4917 .elementor-element.elementor-element-af0e41b .eael-creative-button.eael-creative-button--ujarak::before{background-color:#f54;}.elementor-4917 .elementor-element.elementor-element-af0e41b .eael-creative-button.eael-creative-button--wayra:hover::before{background-color:#f54;}.elementor-4917 .elementor-element.elementor-element-af0e41b .eael-creative-button.eael-creative-button--tamaya:hover{background-color:#f54;}.elementor-4917 .elementor-element.elementor-element-af0e41b .eael-creative-button.eael-creative-button--rayen::before{background-color:#f54;}.elementor-4917 .elementor-element.elementor-element-af0e41b .eael-creative-button.eael-creative-button--wave::before{background-color:#f54;}.elementor-4917 .elementor-element.elementor-element-af0e41b .eael-creative-button.eael-creative-button--wave:hover::before{background-color:#f54;}.elementor-4917 .elementor-element.elementor-element-af0e41b .eael-creative-button.eael-creative-button--aylen::after{background-color:#f54;}.elementor-4917 .elementor-element.elementor-element-af0e41b .eael-creative-button.eael-creative-button--saqui:hover{color:#f54;}.elementor-4917 .elementor-element.elementor-element-af0e41b .eael-creative-button.eael-creative-button--nuka:hover::after{background-color:#f54;}.elementor-4917 .elementor-element.elementor-element-af0e41b .eael-creative-button.eael-creative-button--quidel:hover::after{background-color:#f54;}<\/style>\t\t<div data-elementor-type=\"section\" data-elementor-id=\"4917\" class=\"elementor elementor-4917\" data-elementor-settings=\"[]\">\n\t\t<div class=\"elementor-section-wrap\">\n\t\t\t\t\t<section data-particle_enable=\"false\" data-particle-mobile-disabled=\"false\" class=\"elementor-section elementor-top-section elementor-element elementor-element-9df3469 elementor-section-boxed elementor-section-height-default elementor-section-height-default\" data-id=\"9df3469\" data-element_type=\"section\">\n\t\t\t\t\t\t<div class=\"elementor-container elementor-column-gap-default\">\n\t\t\t\t\t\t\t<div class=\"elementor-row\">\n\t\t\t\t\t<div class=\"elementor-column elementor-col-100 elementor-top-column elementor-element elementor-element-bb3b38f\" data-id=\"bb3b38f\" data-element_type=\"column\">\n\t\t\t<div class=\"elementor-column-wrap elementor-element-populated\">\n\t\t\t\t\t\t\t<div class=\"elementor-widget-wrap\">\n\t\t\t\t\t\t<div class=\"elementor-element elementor-element-af0e41b elementor-widget elementor-widget-eael-creative-button\" data-id=\"af0e41b\" data-element_type=\"widget\" data-widget_type=\"eael-creative-button.default\">\n\t\t\t\t<div class=\"elementor-widget-container\">\n\t\t\t        <div class=\"eael-creative-button-wrapper\">\n\n            <a class=\"eael-creative-button eael-creative-button--default\" href=\"http:\/\/algornet.com\/es\/formulaire\/\" target=\"_blank _blank\" rel=\"nofollow nofollow\" data-text=\"Go!\">\n\n                <div class=\"creative-button-inner\">\n\n                                            <span class=\"eael-creative-button-icon-left\"><svg xmlns=\"http:\/\/www.w3.org\/2000\/svg\" xmlns:xlink=\"http:\/\/www.w3.org\/1999\/xlink\" id=\"Capa_1\" data-name=\"Capa 1\" viewbox=\"0 0 40.5 50\"><defs><style>.cls-1{fill:gray;}.cls-2{fill:url(#linear-gradient);}.cls-3{fill:url(#linear-gradient-2);}.cls-4{fill:url(#radial-gradient);}.cls-5{fill:url(#linear-gradient-3);}.cls-6{fill:#676735;}.cls-7{fill:#d55a67;}.cls-8{fill:#fff;}<\/style><lineargradient id=\"linear-gradient\" x1=\"260.25\" y1=\"-318.46\" x2=\"260.25\" y2=\"-273.67\" gradienttransform=\"translate(-261.87 347.05) scale(1.09)\" gradientunits=\"userSpaceOnUse\"><stop offset=\"0\" stop-color=\"#fff\"><\/stop><stop offset=\"0.48\" stop-color=\"#fdfdfd\"><\/stop><stop offset=\"0.71\" stop-color=\"#f5f6f6\"><\/stop><stop offset=\"0.89\" stop-color=\"#e9e9ea\"><\/stop><stop offset=\"1\" stop-color=\"#dbdcdd\"><\/stop><\/lineargradient><lineargradient id=\"linear-gradient-2\" x1=\"130.11\" y1=\"87.46\" x2=\"134.04\" y2=\"83.53\" gradienttransform=\"translate(172.97 104.03) rotate(180) scale(1.09)\" gradientunits=\"userSpaceOnUse\"><stop offset=\"0\" stop-color=\"#fff\"><\/stop><stop offset=\"0.35\" stop-color=\"#f2f3f3\"><\/stop><stop offset=\"1\" stop-color=\"#d0d2d3\"><\/stop><stop offset=\"1\" stop-color=\"#d0d2d3\"><\/stop><\/lineargradient><radialgradient id=\"radial-gradient\" cx=\"270.32\" cy=\"-311.7\" r=\"7.19\" gradienttransform=\"translate(-261.87 347.05) scale(1.09)\" gradientunits=\"userSpaceOnUse\"><stop offset=\"0\" stop-color=\"#fff\"><\/stop><stop offset=\"0.49\" stop-color=\"#fdfdfd\"><\/stop><stop offset=\"0.66\" stop-color=\"#f6f7f7\"><\/stop><stop offset=\"0.79\" stop-color=\"#ebebec\"><\/stop><stop offset=\"0.89\" stop-color=\"#dadbdc\"><\/stop><stop offset=\"0.97\" stop-color=\"#c4c6c7\"><\/stop><stop offset=\"1\" stop-color=\"#bbbdbf\"><\/stop><\/radialgradient><lineargradient id=\"linear-gradient-3\" x1=\"251.29\" y1=\"-264.9\" x2=\"270.36\" y2=\"-283.97\" gradienttransform=\"translate(-261.87 347.05) scale(1.09)\" gradientunits=\"userSpaceOnUse\"><stop offset=\"0\" stop-color=\"#d0d2d3\"><\/stop><stop offset=\"0.47\" stop-color=\"#fff\"><\/stop><stop offset=\"0.66\" stop-color=\"#f2f3f3\"><\/stop><stop offset=\"1\" stop-color=\"#d0d2d3\"><\/stop><stop offset=\"1\" stop-color=\"#d0d2d3\"><\/stop><\/lineargradient><\/defs><path class=\"cls-1\" d=\"M1.59,0A1.34,1.34,0,0,0,.25,1.34V48.66A1.34,1.34,0,0,0,1.59,50H39.41a1.34,1.34,0,0,0,1.34-1.34V16.23a3.68,3.68,0,0,0-1-2.29l-13-13A3.73,3.73,0,0,0,24.52,0Z\" transform=\"translate(-0.25)\"><\/path><path class=\"cls-2\" d=\"M2.71.89A1.35,1.35,0,0,0,1.37,2.24v46a1.34,1.34,0,0,0,1.34,1.34H39a1.35,1.35,0,0,0,1.35-1.34V16.45a3.78,3.78,0,0,0-1-2.29L27,1.84A3.73,3.73,0,0,0,24.74.89Z\" transform=\"translate(-0.25)\"><\/path><path class=\"cls-3\" d=\"M26.8,4.46v6.7a2.56,2.56,0,0,0,2.56,2.56h7Z\" transform=\"translate(-0.25)\"><\/path><path class=\"cls-4\" d=\"M26.28,12.73l-.62-11h0l-.95,12.6a1.35,1.35,0,0,0,1.34,1.34H38.26L27.62,14.07A1.34,1.34,0,0,1,26.28,12.73Z\" transform=\"translate(-0.25)\"><\/path><path class=\"cls-5\" d=\"M1.37,49.55H40.31S25.27,46.2,1.37,49.55Z\" transform=\"translate(-0.25)\"><\/path><path class=\"cls-6\" d=\"M40,31.81A1.19,1.19,0,0,1,38.77,33H2.23A1.19,1.19,0,0,1,1,31.81V18.19A1.19,1.19,0,0,1,2.23,17H38.77A1.19,1.19,0,0,1,40,18.19Z\" transform=\"translate(-0.25)\"><\/path><path class=\"cls-7\" d=\"M40,31.81A1.19,1.19,0,0,1,38.77,33H2.23A1.19,1.19,0,0,1,1,31.81V18.19A1.19,1.19,0,0,1,2.23,17H38.77A1.19,1.19,0,0,1,40,18.19Z\" transform=\"translate(-0.25)\"><\/path><path class=\"cls-8\" d=\"M10,29.47V20.53H12.4a5.65,5.65,0,0,1,1.62.18,1.84,1.84,0,0,1,.93.6,2.43,2.43,0,0,1,.47,1.57,2.77,2.77,0,0,1-1,2.23,4,4,0,0,1-2.67.81h-.56v3.55ZM11.23,25h.51a2.55,2.55,0,0,0,1.73-.52A1.83,1.83,0,0,0,14.08,23a1.33,1.33,0,0,0-.48-1.15A2.8,2.8,0,0,0,12,21.48h-.78Z\" transform=\"translate(-0.25)\"><\/path><path class=\"cls-8\" d=\"M16.79,29.47V20.53h3a6.38,6.38,0,0,1,2.15.3,3.36,3.36,0,0,1,1.41,1,4.46,4.46,0,0,1,.95,3,4.92,4.92,0,0,1-1.11,3.35,3.45,3.45,0,0,1-1.4,1,5.63,5.63,0,0,1-2,.31Zm1.27-.95h1.62a3,3,0,0,0,2.47-.93,4.25,4.25,0,0,0,.78-2.68,3.72,3.72,0,0,0-.77-2.48,2.37,2.37,0,0,0-1.11-.75,7.16,7.16,0,0,0-1.94-.2H18.06Z\" transform=\"translate(-0.25)\"><\/path><path class=\"cls-8\" d=\"M26.05,29.47V20.53h5v.95H27.31v3h3.13v.94H27.31v4Z\" transform=\"translate(-0.25)\"><\/path><\/svg><\/span>                    \n                    <span class=\"cretive-button-text\">Formulaire d\u2019inscription p\u00e9riscolaire<\/span>\n\n                                    <\/div>\n            <\/a>\n        <\/div>\n\t\t<\/div>\n\t\t\t\t<\/div>\n\t\t\t\t\t\t<\/div>\n\t\t\t\t\t<\/div>\n\t\t<\/div>\n\t\t\t\t\t\t\t\t<\/div>\n\t\t\t\t\t<\/div>\n\t\t<\/section>\n\t\t\t\t<\/div>\n\t\t<\/div>\n\t\t<\/div>\n                <\/div><div class=\"eael-accordion-list\">\n                <div id=\"assaisinssement\" class=\"elementor-tab-title eael-accordion-header\" tabindex=\"2032\" data-tab=\"2\" role=\"tab\" aria-controls=\"elementor-tab-content-2032\"><i aria-hidden=\"true\" class=\"fa-accordion-icon fas fa-water\"><\/i><span class=\"eael-accordion-tab-title\">ASSAISINSSEMENT<\/span><i aria-hidden=\"true\" class=\"fa-toggle fas fa-sort-down\"><\/i><\/div><div id=\"elementor-tab-content-2032\" class=\"eael-accordion-content clearfix\" data-tab=\"2\" role=\"tabpanel\" aria-labelledby=\"assaisinssement\"><p><p>NON COLLECTIF (SPANC) :<\/p><ul><li>Bon de commande<\/li><li>Liste bureaux d\u00e9tudes<\/li><li>Choix d\u2019un prestataire<\/li><li>Demande d\u2019autorisation<\/li><li>Liste des vidangeurs<\/li><li>R\u00e8glement SPANC<\/li><li>Cahier des charges<\/li><li>Demande d\u2019autorisation de rejet<\/li><\/ul><p>\u00a0<\/p><p>COLLECTIF :\u00a0<\/p><ul><li>Bon commande<\/li><li>D\u00e9lib\u00e9ration tarifs<\/li><li>Le r\u00e9glement<\/li><\/ul><\/p><\/div>\n                <\/div><div class=\"eael-accordion-list\">\n                <div id=\"ordures-mnageres-\" class=\"elementor-tab-title eael-accordion-header\" tabindex=\"2033\" data-tab=\"3\" role=\"tab\" aria-controls=\"elementor-tab-content-2033\"><i aria-hidden=\"true\" class=\"fa-accordion-icon fas fa-trash-alt\"><\/i><span class=\"eael-accordion-tab-title\">ORDURES M\u00c9NAGERES <\/span><i aria-hidden=\"true\" class=\"fa-toggle fas fa-sort-down\"><\/i><\/div><div id=\"elementor-tab-content-2033\" class=\"eael-accordion-content clearfix\" data-tab=\"3\" role=\"tabpanel\" aria-labelledby=\"ordures-mnageres-\"><p><ul><li>Guide du tri<\/li><li>D\u00e9lib\u00e9ration des tarifs<\/li><\/ul><\/p><\/div>\n                <\/div><div class=\"eael-accordion-list\">\n                <div id=\"vente-terrain-lotissements\" class=\"elementor-tab-title eael-accordion-header\" tabindex=\"2034\" data-tab=\"4\" role=\"tab\" aria-controls=\"elementor-tab-content-2034\"><i aria-hidden=\"true\" class=\"fa-accordion-icon fas fa-poll-h\"><\/i><span class=\"eael-accordion-tab-title\">VENTE TERRAIN LOTISSEMENTS<\/span><i aria-hidden=\"true\" class=\"fa-toggle fas fa-sort-down\"><\/i><\/div><div id=\"elementor-tab-content-2034\" class=\"eael-accordion-content clearfix\" data-tab=\"4\" role=\"tabpanel\" aria-labelledby=\"vente-terrain-lotissements\"><p><ul><li>Dossier lotissements<\/li><\/ul><\/p><\/div>\n                <\/div><\/div>\t\t<\/div>\n\t\t\t\t<\/div>\n\t\t\t\t\t\t<\/div>\n\t\t\t\t\t<\/div>\n\t\t<\/div>\n\t\t\t\t\t\t\t\t<\/div>\n\t\t\t\t\t<\/div>\n\t\t<\/section>\n\t\t\t\t\t\t<\/div>\n\t\t\t\t\t\t<\/div>\n\t\t\t\t\t<\/div>","protected":false},"excerpt":{"rendered":"<p>Documents pratiques SCOLAIRE Formulaire d\u2019inscription p\u00e9riscolaire ASSAISINSSEMENT NON COLLECTIF (SPANC) : Bon de commande Liste bureaux d\u00e9tudes Choix d\u2019un prestataire Demande d\u2019autorisation Liste des vidangeurs R\u00e8glement SPANC Cahier des charges Demande d\u2019autorisation de rejet \u00a0 COLLECTIF :\u00a0 Bon commande D\u00e9lib\u00e9ration tarifs Le r\u00e9glement ORDURES M\u00c9NAGERES Guide du tri D\u00e9lib\u00e9ration des tarifs VENTE TERRAIN LOTISSEMENTS Dossier [&hellip;]<\/p>","protected":false},"author":1,"featured_media":0,"parent":0,"menu_order":0,"comment_status":"closed","ping_status":"closed","template":"elementor_header_footer","meta":[],"categories":[],"tags":[],"_links":{"self":[{"href":"http:\/\/algornet.com\/es\/wp-json\/wp\/v2\/pages\/4915"}],"collection":[{"href":"http:\/\/algornet.com\/es\/wp-json\/wp\/v2\/pages"}],"about":[{"href":"http:\/\/algornet.com\/es\/wp-json\/wp\/v2\/types\/page"}],"author":[{"embeddable":true,"href":"http:\/\/algornet.com\/es\/wp-json\/wp\/v2\/users\/1"}],"replies":[{"embeddable":true,"href":"http:\/\/algornet.com\/es\/wp-json\/wp\/v2\/comments?post=4915"}],"version-history":[{"count":0,"href":"http:\/\/algornet.com\/es\/wp-json\/wp\/v2\/pages\/4915\/revisions"}],"wp:attachment":[{"href":"http:\/\/algornet.com\/es\/wp-json\/wp\/v2\/media?parent=4915"}],"wp:term":[{"taxonomy":"category","embeddable":true,"href":"http:\/\/algornet.com\/es\/wp-json\/wp\/v2\/categories?post=4915"},{"taxonomy":"post_tag","embeddable":true,"href":"http:\/\/algornet.com\/es\/wp-json\/wp\/v2\/tags?post=4915"}],"curies":[{"name":"wp","href":"https:\/\/api.w.org\/{rel}","templated":true}]}}