{"id":4463,"date":"2020-05-26T10:37:26","date_gmt":"2020-05-26T09:37:26","guid":{"rendered":"http:\/\/algornet.com\/?page_id=4463"},"modified":"2020-05-29T10:53:47","modified_gmt":"2020-05-29T09:53:47","slug":"aide-a-domicile","status":"publish","type":"page","link":"http:\/\/algornet.com\/es\/aide-a-domicile\/","title":{"rendered":"Aide \u00e0 domicile"},"content":{"rendered":"<div data-elementor-type=\"wp-page\" data-elementor-id=\"4463\" class=\"elementor elementor-4463\" data-elementor-settings=\"[]\">\n\t\t\t\t\t\t<div class=\"elementor-inner\">\n\t\t\t\t\t\t\t<div class=\"elementor-section-wrap\">\n\t\t\t\t\t\t\t<section data-particle_enable=\"false\" data-particle-mobile-disabled=\"false\" class=\"elementor-section elementor-top-section elementor-element elementor-element-63accf8 elementor-section-boxed elementor-section-height-default elementor-section-height-default\" data-id=\"63accf8\" data-element_type=\"section\" data-settings=\"{&quot;background_background&quot;:&quot;classic&quot;}\">\n\t\t\t\t\t\t<div class=\"elementor-container elementor-column-gap-default\">\n\t\t\t\t\t\t\t<div class=\"elementor-row\">\n\t\t\t\t\t<div class=\"elementor-column elementor-col-100 elementor-top-column elementor-element elementor-element-d3ecdf4\" data-id=\"d3ecdf4\" data-element_type=\"column\" data-settings=\"{&quot;background_background&quot;:&quot;classic&quot;}\">\n\t\t\t<div class=\"elementor-column-wrap elementor-element-populated\">\n\t\t\t\t\t\t\t<div class=\"elementor-widget-wrap\">\n\t\t\t\t\t\t<div class=\"elementor-element elementor-element-6e5fafb elementor-widget elementor-widget-heading\" data-id=\"6e5fafb\" data-element_type=\"widget\" data-widget_type=\"heading.default\">\n\t\t\t\t<div class=\"elementor-widget-container\">\n\t\t\t<h2 class=\"elementor-heading-title elementor-size-default\">Aide \u00e0 domicile<\/h2>\t\t<\/div>\n\t\t\t\t<\/div>\n\t\t\t\t<section data-particle_enable=\"false\" data-particle-mobile-disabled=\"false\" class=\"elementor-section elementor-inner-section elementor-element elementor-element-944c037 elementor-section-boxed elementor-section-height-default elementor-section-height-default\" data-id=\"944c037\" data-element_type=\"section\">\n\t\t\t\t\t\t<div class=\"elementor-container elementor-column-gap-default\">\n\t\t\t\t\t\t\t<div class=\"elementor-row\">\n\t\t\t\t\t<div class=\"elementor-column elementor-col-50 elementor-inner-column elementor-element elementor-element-9db82a4\" data-id=\"9db82a4\" data-element_type=\"column\">\n\t\t\t<div class=\"elementor-column-wrap elementor-element-populated\">\n\t\t\t\t\t\t\t<div class=\"elementor-widget-wrap\">\n\t\t\t\t\t\t<div class=\"elementor-element elementor-element-5a91d76 elementor-flip-box--direction-right elementor-flip-box--3d elementor-flip-box--effect-flip elementor-widget elementor-widget-flip-box\" data-id=\"5a91d76\" data-element_type=\"widget\" data-widget_type=\"flip-box.default\">\n\t\t\t\t<div class=\"elementor-widget-container\">\n\t\t\t\t\t<div class=\"elementor-flip-box\">\n\t\t\t<div class=\"elementor-flip-box__layer elementor-flip-box__front\">\n\t\t\t\t<div class=\"elementor-flip-box__layer__overlay\">\n\t\t\t\t\t<div class=\"elementor-flip-box__layer__inner\">\n\t\t\t\t\t\t\t\t\t\t\t\t\t<div class=\"elementor-flip-box__image\">\n\t\t\t\t\t\t\t\t<img width=\"320\" height=\"170\" src=\"http:\/\/algornet.com\/wp-content\/uploads\/2020\/05\/admr_opt.png\" class=\"attachment-full size-full\" alt=\"\" loading=\"lazy\" srcset=\"http:\/\/algornet.com\/wp-content\/uploads\/2020\/05\/admr_opt.png 320w, http:\/\/algornet.com\/wp-content\/uploads\/2020\/05\/admr_opt-300x159.png 300w\" sizes=\"(max-width: 320px) 100vw, 320px\" \/>\t\t\t\t\t\t\t<\/div>\n\t\t\t\t\t\t\n\t\t\t\t\t\t\t\t\t\t\t\t\t<h3 class=\"elementor-flip-box__layer__title\">\n\t\t\t\t\t\t\t\t<p class=\"title_flip_left\">ADMR<\/p>\t\t\t\t\t\t\t<\/h3>\n\t\t\t\t\t\t\n\t\t\t\t\t\t\t\t\t\t\t\t\t<div class=\"elementor-flip-box__layer__description\">\n\t\t\t\t\t\t\t\t\n<div class=\"text_body_flip_left\">\n\t\n93 Grande Rue - 61170 LE M\u00caLE-SUR-SARTHE \t<br><br>\n\t\t<div><strong>Service Familles, Personnes \u00c2g\u00e9es, Personnes Handicap\u00e9es : <\/strong>M\u00e9nage, repassage, courses \/  Soutien \u00e0 la parentalit\u00e9 \/ Soutien moral, aide aux d\u00e9marches administratives, garde d\u2019enfants \u00e0 domicile.<\/div>\n\t\n\t\t<div>\n\t\t<strong>Le Service de Soins Infirmiers \u00e0 Domicile<\/strong>\n\t\t<\/div>\n<\/div>\t\t\t\t\t\t\t<\/div>\n\t\t\t\t\t\t\t\t\t\t\t<\/div>\n\t\t\t\t<\/div>\n\t\t\t<\/div>\n\t\t\t<div class=\"elementor-flip-box__layer elementor-flip-box__back\">\n\t\t\t<div class=\"elementor-flip-box__layer__overlay\">\n\t\t\t\t<div class=\"elementor-flip-box__layer__inner\">\n\t\t\t\t\t\n\t\t\t\t\t\t\t\t\t\t\t<div class=\"elementor-flip-box__layer__description\">\n\t\t\t\t\t\t\t\n<ul><h4>Contact :<\/h4>\n\t\n\t<strong>Service Familles, Personnes Ag\u00e9es ... :<\/strong>\n\t<li>02 33 28 58 36<\/li><br>\n\t<strong>Service de Soins :<\/strong>\n\t<li>02 33 28 58 58<\/li><br>\n\t<li>ssiad.lemele@fede61.admr.org<\/li>\n<\/ul>\t\t\t\t\t\t<\/div>\n\t\t\t\t\t\n\t\t\t\t\t\t\t\t<\/div>\n\t\t<\/div>\n\t\t<\/div>\n\t\t<\/div>\n\t\t\t\t<\/div>\n\t\t\t\t<\/div>\n\t\t\t\t\t\t<\/div>\n\t\t\t\t\t<\/div>\n\t\t<\/div>\n\t\t\t\t<div class=\"elementor-column elementor-col-50 elementor-inner-column elementor-element elementor-element-b1a3ac5\" data-id=\"b1a3ac5\" data-element_type=\"column\">\n\t\t\t<div class=\"elementor-column-wrap elementor-element-populated\">\n\t\t\t\t\t\t\t<div class=\"elementor-widget-wrap\">\n\t\t\t\t\t\t<div class=\"elementor-element elementor-element-981c496 elementor-flip-box--direction-right elementor-flip-box--3d elementor-flip-box--effect-flip elementor-widget elementor-widget-flip-box\" data-id=\"981c496\" data-element_type=\"widget\" data-widget_type=\"flip-box.default\">\n\t\t\t\t<div class=\"elementor-widget-container\">\n\t\t\t\t\t<div class=\"elementor-flip-box\">\n\t\t\t<div class=\"elementor-flip-box__layer elementor-flip-box__front\">\n\t\t\t\t<div class=\"elementor-flip-box__layer__overlay\">\n\t\t\t\t\t<div class=\"elementor-flip-box__layer__inner\">\n\t\t\t\t\t\t\t\t\t\t\t\t\t<div class=\"elementor-flip-box__image\">\n\t\t\t\t\t\t\t\t<img width=\"320\" height=\"170\" src=\"http:\/\/algornet.com\/wp-content\/uploads\/2020\/05\/ets_opt.png\" class=\"attachment-full size-full\" alt=\"\" loading=\"lazy\" srcset=\"http:\/\/algornet.com\/wp-content\/uploads\/2020\/05\/ets_opt.png 320w, http:\/\/algornet.com\/wp-content\/uploads\/2020\/05\/ets_opt-300x159.png 300w\" sizes=\"(max-width: 320px) 100vw, 320px\" \/>\t\t\t\t\t\t\t<\/div>\n\t\t\t\t\t\t\n\t\t\t\t\t\t\t\t\t\t\t\t\t<h3 class=\"elementor-flip-box__layer__title\">\n\t\t\t\t\t\t\t\t<p class=\"title_flip_right\">ETS<\/p>\t\t\t\t\t\t\t<\/h3>\n\t\t\t\t\t\t\n\t\t\t\t\t\t\t\t\t\t\t\t\t<div class=\"elementor-flip-box__layer__description\">\n\t\t\t\t\t\t\t\t\n<div class=\"text_body_flip_right\">\t\n<p>COURTOMER - LE MELE SUR SARTHE<\/p>\n<p>Elle a pour mission de mettre en \u0153uvre un projet professionnel coh\u00e9rent pour les demadeurs d\u2019emplois.<\/p>\n<strong>Service Familles, Personnes \u00c2g\u00e9es, Personnes Handicap\u00e9es : <\/strong>M\u00e9nage, repassage, courses \n<\/div>\t\t\t\t\t\t\t<\/div>\n\t\t\t\t\t\t\t\t\t\t\t<\/div>\n\t\t\t\t<\/div>\n\t\t\t<\/div>\n\t\t\t<div class=\"elementor-flip-box__layer elementor-flip-box__back\">\n\t\t\t<div class=\"elementor-flip-box__layer__overlay\">\n\t\t\t\t<div class=\"elementor-flip-box__layer__inner\">\n\t\t\t\t\t\n\t\t\t\t\t\t\t\t\t\t\t<div class=\"elementor-flip-box__layer__description\">\n\t\t\t\t\t\t\t\n<ul><h4>Contact :<\/h4>\n\t\n\t<strong>Renseignements aupr\u00e8s de Catherine Leroy : <\/strong>\n\t<li>02.33.83.03.81 <\/li>\n\t<li>07.86.05.76.69<\/li>\n\t<li>catherine@ets61.fr<\/li>\n\t<br>\n\n\t<strong>Permanences :<\/strong><br><br>\n\t<li> <i> Le M\u00eale sur Sarthe : <\/i><\/li>\n\t<li>23 place du G\u00e9n\u00e9ral de Gaulle<\/li>\n\t<li>Tous les derniers vendredis du mois \nde 9h \u00e0 12h<\/li>\n<br>\n\t<li> <i> Courtomer : <\/i><\/li>\n\t<li>Mairie<\/li>\n\t<li>Tous les derniers mardis du mois de 14 \u00e0 17h<\/li>\n\n<\/ul>\t\t\t\t\t\t<\/div>\n\t\t\t\t\t\n\t\t\t\t\t\t\t\t<\/div>\n\t\t<\/div>\n\t\t<\/div>\n\t\t<\/div>\n\t\t\t\t<\/div>\n\t\t\t\t<\/div>\n\t\t\t\t\t\t<\/div>\n\t\t\t\t\t<\/div>\n\t\t<\/div>\n\t\t\t\t\t\t\t\t<\/div>\n\t\t\t\t\t<\/div>\n\t\t<\/section>\n\t\t\t\t<section data-particle_enable=\"false\" data-particle-mobile-disabled=\"false\" class=\"elementor-section elementor-inner-section elementor-element elementor-element-5820ec7 elementor-section-boxed elementor-section-height-default elementor-section-height-default\" data-id=\"5820ec7\" data-element_type=\"section\">\n\t\t\t\t\t\t<div class=\"elementor-container elementor-column-gap-default\">\n\t\t\t\t\t\t\t<div class=\"elementor-row\">\n\t\t\t\t\t<div class=\"elementor-column elementor-col-100 elementor-inner-column elementor-element elementor-element-71f2737\" data-id=\"71f2737\" data-element_type=\"column\">\n\t\t\t<div class=\"elementor-column-wrap elementor-element-populated\">\n\t\t\t\t\t\t\t<div class=\"elementor-widget-wrap\">\n\t\t\t\t\t\t<div class=\"elementor-element elementor-element-f46f2ec elementor-flip-box--direction-right elementor-flip-box--3d elementor-flip-box--effect-flip elementor-widget elementor-widget-flip-box\" data-id=\"f46f2ec\" data-element_type=\"widget\" data-widget_type=\"flip-box.default\">\n\t\t\t\t<div class=\"elementor-widget-container\">\n\t\t\t\t\t<div class=\"elementor-flip-box\">\n\t\t\t<div class=\"elementor-flip-box__layer elementor-flip-box__front\">\n\t\t\t\t<div class=\"elementor-flip-box__layer__overlay\">\n\t\t\t\t\t<div class=\"elementor-flip-box__layer__inner\">\n\t\t\t\t\t\t\t\t\t\t\t\t\t<div class=\"elementor-flip-box__image\">\n\t\t\t\t\t\t\t\t<img width=\"320\" height=\"170\" src=\"http:\/\/algornet.com\/wp-content\/uploads\/2020\/05\/una_opt.png\" class=\"attachment-full size-full\" alt=\"\" loading=\"lazy\" srcset=\"http:\/\/algornet.com\/wp-content\/uploads\/2020\/05\/una_opt.png 320w, http:\/\/algornet.com\/wp-content\/uploads\/2020\/05\/una_opt-300x159.png 300w\" sizes=\"(max-width: 320px) 100vw, 320px\" \/>\t\t\t\t\t\t\t<\/div>\n\t\t\t\t\t\t\n\t\t\t\t\t\t\t\t\t\t\t\t\t<h3 class=\"elementor-flip-box__layer__title\">\n\t\t\t\t\t\t\t\t<p class=\"title_flip_left\">UNA<\/p>\t\t\t\t\t\t\t<\/h3>\n\t\t\t\t\t\t\n\t\t\t\t\t\t\t\t\t\t\t\t\t<div class=\"elementor-flip-box__layer__description\">\n\t\t\t\t\t\t\t\t<div class=\"text_body_flip_left\">\n<p>96 grande rue - 61170 LE MELE SUR SARTHE<\/p>\n\n<p><strong>Nos Missions : <\/strong>Rendre la vie plus facile pour les personnes (retrait\u00e9es, handicap\u00e9es, isol\u00e9es, etc.) ou les particuliers en leur proposant : L\u2019aide m\u00e9nag\u00e8re \/ L\u2019hygi\u00e8ne (soins non-m\u00e9dicaux), etc. \/ L\u2019aide \u00e0 la marche et l\u2019accompagnement lors des sorties \/ L\u2019auxiliaire de vie pour les personnes d\u00e9pendantes \/ etc...<\/p>\n\n<\/div>\t\t\t\t\t\t\t<\/div>\n\t\t\t\t\t\t\t\t\t\t\t<\/div>\n\t\t\t\t<\/div>\n\t\t\t<\/div>\n\t\t\t<div class=\"elementor-flip-box__layer elementor-flip-box__back\">\n\t\t\t<div class=\"elementor-flip-box__layer__overlay\">\n\t\t\t\t<div class=\"elementor-flip-box__layer__inner\">\n\t\t\t\t\t\n\t\t\t\t\t\t\t\t\t\t\t<div class=\"elementor-flip-box__layer__description\">\n\t\t\t\t\t\t\t\n<ul><h4>Contact :<\/h4>\n\t\n\t<li>02 33 28 73 31 <\/li>\n\t<li>site web : <a href=\"\/es\/www.una61.fr\/\">www.una61.fr<\/a> <\/li>\n\t<li>Association r\u00e9f\u00e9renc\u00e9e par France Domicile <\/li>\n\t<br>\n<\/ul>\t\t\t\t\t\t<\/div>\n\t\t\t\t\t\n\t\t\t\t\t\t\t\t<\/div>\n\t\t<\/div>\n\t\t<\/div>\n\t\t<\/div>\n\t\t\t\t<\/div>\n\t\t\t\t<\/div>\n\t\t\t\t\t\t<\/div>\n\t\t\t\t\t<\/div>\n\t\t<\/div>\n\t\t\t\t\t\t\t\t<\/div>\n\t\t\t\t\t<\/div>\n\t\t<\/section>\n\t\t\t\t\t\t<\/div>\n\t\t\t\t\t<\/div>\n\t\t<\/div>\n\t\t\t\t\t\t\t\t<\/div>\n\t\t\t\t\t<\/div>\n\t\t<\/section>\n\t\t\t\t\t\t<\/div>\n\t\t\t\t\t\t<\/div>\n\t\t\t\t\t<\/div>","protected":false},"excerpt":{"rendered":"<p>Aide \u00e0 domicile ADMR 93 Grande Rue &#8211; 61170 LE M\u00caLE-SUR-SARTHE Service Familles, Personnes \u00c2g\u00e9es, Personnes Handicap\u00e9es : M\u00e9nage, repassage, courses \/ Soutien \u00e0 la parentalit\u00e9 \/ Soutien moral, aide aux d\u00e9marches administratives, garde d\u2019enfants \u00e0 domicile. Le Service de Soins Infirmiers \u00e0 Domicile Contact : Service Familles, Personnes Ag\u00e9es &#8230; : 02 33 28 [&hellip;]<\/p>","protected":false},"author":1,"featured_media":0,"parent":0,"menu_order":0,"comment_status":"closed","ping_status":"closed","template":"elementor_header_footer","meta":[],"categories":[],"tags":[],"_links":{"self":[{"href":"http:\/\/algornet.com\/es\/wp-json\/wp\/v2\/pages\/4463"}],"collection":[{"href":"http:\/\/algornet.com\/es\/wp-json\/wp\/v2\/pages"}],"about":[{"href":"http:\/\/algornet.com\/es\/wp-json\/wp\/v2\/types\/page"}],"author":[{"embeddable":true,"href":"http:\/\/algornet.com\/es\/wp-json\/wp\/v2\/users\/1"}],"replies":[{"embeddable":true,"href":"http:\/\/algornet.com\/es\/wp-json\/wp\/v2\/comments?post=4463"}],"version-history":[{"count":0,"href":"http:\/\/algornet.com\/es\/wp-json\/wp\/v2\/pages\/4463\/revisions"}],"wp:attachment":[{"href":"http:\/\/algornet.com\/es\/wp-json\/wp\/v2\/media?parent=4463"}],"wp:term":[{"taxonomy":"category","embeddable":true,"href":"http:\/\/algornet.com\/es\/wp-json\/wp\/v2\/categories?post=4463"},{"taxonomy":"post_tag","embeddable":true,"href":"http:\/\/algornet.com\/es\/wp-json\/wp\/v2\/tags?post=4463"}],"curies":[{"name":"wp","href":"https:\/\/api.w.org\/{rel}","templated":true}]}}