{"id":4367,"date":"2020-05-20T13:28:06","date_gmt":"2020-05-20T11:28:06","guid":{"rendered":"http:\/\/algornet.com\/?page_id=4367"},"modified":"2022-08-22T15:49:10","modified_gmt":"2022-08-22T13:49:10","slug":"saison-culturelle","status":"publish","type":"page","link":"http:\/\/algornet.com\/es\/saison-culturelle\/","title":{"rendered":"Saison culturelle"},"content":{"rendered":"<div data-elementor-type=\"wp-page\" data-elementor-id=\"4367\" class=\"elementor elementor-4367\" data-elementor-settings=\"[]\">\n\t\t\t\t\t\t<div class=\"elementor-inner\">\n\t\t\t\t\t\t\t<div class=\"elementor-section-wrap\">\n\t\t\t\t\t\t\t<section data-particle_enable=\"false\" data-particle-mobile-disabled=\"false\" class=\"elementor-section elementor-top-section elementor-element elementor-element-63accf8 elementor-section-boxed elementor-section-height-default elementor-section-height-default\" data-id=\"63accf8\" data-element_type=\"section\" data-settings=\"{&quot;background_background&quot;:&quot;classic&quot;}\">\n\t\t\t\t\t\t<div class=\"elementor-container elementor-column-gap-default\">\n\t\t\t\t\t\t\t<div class=\"elementor-row\">\n\t\t\t\t\t<div class=\"elementor-column elementor-col-100 elementor-top-column elementor-element elementor-element-d3ecdf4\" data-id=\"d3ecdf4\" data-element_type=\"column\" data-settings=\"{&quot;background_background&quot;:&quot;classic&quot;}\">\n\t\t\t<div class=\"elementor-column-wrap elementor-element-populated\">\n\t\t\t\t\t\t\t<div class=\"elementor-widget-wrap\">\n\t\t\t\t\t\t<div class=\"elementor-element elementor-element-6e5fafb elementor-widget elementor-widget-heading\" data-id=\"6e5fafb\" data-element_type=\"widget\" data-widget_type=\"heading.default\">\n\t\t\t\t<div class=\"elementor-widget-container\">\n\t\t\t<h2 class=\"elementor-heading-title elementor-size-default\">Saison culturelle<\/h2>\t\t<\/div>\n\t\t\t\t<\/div>\n\t\t\t\t<section data-particle_enable=\"false\" data-particle-mobile-disabled=\"false\" class=\"elementor-section elementor-inner-section elementor-element elementor-element-29b926b elementor-section-full_width elementor-section-height-default elementor-section-height-default\" data-id=\"29b926b\" data-element_type=\"section\">\n\t\t\t\t\t\t<div class=\"elementor-container elementor-column-gap-no\">\n\t\t\t\t\t\t\t<div class=\"elementor-row\">\n\t\t\t\t\t<div class=\"elementor-column elementor-col-50 elementor-inner-column elementor-element elementor-element-8fd15fc\" data-id=\"8fd15fc\" data-element_type=\"column\">\n\t\t\t<div class=\"elementor-column-wrap elementor-element-populated\">\n\t\t\t\t\t\t\t<div class=\"elementor-widget-wrap\">\n\t\t\t\t\t\t<div class=\"elementor-element elementor-element-a85cb48 elementor-widget elementor-widget-image\" data-id=\"a85cb48\" data-element_type=\"widget\" data-widget_type=\"image.default\">\n\t\t\t\t<div class=\"elementor-widget-container\">\n\t\t\t\t\t\t\t\t<div class=\"elementor-image\">\n\t\t\t\t\t\t\t\t\t\t\t\t<img width=\"800\" height=\"222\" src=\"http:\/\/algornet.com\/wp-content\/uploads\/2020\/05\/DALLE-DANIEL-ROUAULT-1024x284.jpg\" class=\"attachment-large size-large\" alt=\"\" loading=\"lazy\" srcset=\"http:\/\/algornet.com\/wp-content\/uploads\/2020\/05\/DALLE-DANIEL-ROUAULT-1024x284.jpg 1024w, http:\/\/algornet.com\/wp-content\/uploads\/2020\/05\/DALLE-DANIEL-ROUAULT-300x83.jpg 300w, http:\/\/algornet.com\/wp-content\/uploads\/2020\/05\/DALLE-DANIEL-ROUAULT-768x213.jpg 768w, http:\/\/algornet.com\/wp-content\/uploads\/2020\/05\/DALLE-DANIEL-ROUAULT.jpg 1021w\" sizes=\"(max-width: 800px) 100vw, 800px\" \/>\t\t\t\t\t\t\t\t\t\t\t\t\t\t<\/div>\n\t\t\t\t\t\t<\/div>\n\t\t\t\t<\/div>\n\t\t\t\t<div class=\"elementor-element elementor-element-e77a2f1 elementor-widget elementor-widget-text-editor\" data-id=\"e77a2f1\" data-element_type=\"widget\" data-widget_type=\"text-editor.default\">\n\t\t\t\t<div class=\"elementor-widget-container\">\n\t\t\t\t\t\t\t\t<div class=\"elementor-text-editor elementor-clearfix\">\n\t\t\t\t<div><p>LES SAISONS CULTURELLES TOUT PUBLIC et SCOLAIRE sont propos\u00e9es en partenariat avec le D\u00e9partement de L\u2019Orne dans le cadre du <strong><a href=\"https:\/\/culture.orne.fr\/c61-saison-culturelle\" target=\"_blank\" rel=\"noopener\">C&rsquo;61, R\u00c9SEAU DES ACTEURS CULTURELS DE L&rsquo;ORNE.<\/a><\/strong><\/p><p>La programmation tout public est \u00e9labor\u00e9e avec les membres de la commission \u00ab\u00a0Culture\u00a0\u00bb et la charg\u00e9e de la programmation culturelle du conseil d\u00e9partemental dont l\u2019esprit est le plaisir de venir d\u00e9couvrir des spectacles musicaux en famille et dont le th\u00e8me principal est la bonne humeur.<\/p><p>C&rsquo;est La RENTR\u00c9E et avec elle la D\u00e9couverte de notre saison !<\/p><\/div>\t\t\t\t\t<\/div>\n\t\t\t\t\t\t<\/div>\n\t\t\t\t<\/div>\n\t\t\t\t\t\t<\/div>\n\t\t\t\t\t<\/div>\n\t\t<\/div>\n\t\t\t\t<div class=\"elementor-column elementor-col-50 elementor-inner-column elementor-element elementor-element-608d5a8\" data-id=\"608d5a8\" data-element_type=\"column\">\n\t\t\t<div class=\"elementor-column-wrap elementor-element-populated\">\n\t\t\t\t\t\t\t<div class=\"elementor-widget-wrap\">\n\t\t\t\t\t\t<div class=\"elementor-element elementor-element-da861eb elementor-align-left elementor-icon-list--layout-traditional elementor-list-item-link-full_width elementor-widget elementor-widget-icon-list\" data-id=\"da861eb\" data-element_type=\"widget\" data-widget_type=\"icon-list.default\">\n\t\t\t\t<div class=\"elementor-widget-container\">\n\t\t\t\t\t<ul class=\"elementor-icon-list-items\">\n\t\t\t\t\t\t\t<li class=\"elementor-icon-list-item\">\n\t\t\t\t\t\t\t\t\t\t<span class=\"elementor-icon-list-text\"><strong> liens ext\u00e9rieurs : <\/strong><br> <\/span>\n\t\t\t\t\t\t\t\t\t<\/li>\n\t\t\t\t\t\t<\/ul>\n\t\t\t\t<\/div>\n\t\t\t\t<\/div>\n\t\t\t\t<div class=\"elementor-element elementor-element-51d512f elementor-align-justify elementor-widget elementor-widget-button\" data-id=\"51d512f\" data-element_type=\"widget\" data-widget_type=\"button.default\">\n\t\t\t\t<div class=\"elementor-widget-container\">\n\t\t\t\t\t<div class=\"elementor-button-wrapper\">\n\t\t\t<a href=\"https:\/\/culture.orne.fr\/\" target=\"_blank\" class=\"elementor-button-link elementor-button elementor-size-sm\" role=\"button\">\n\t\t\t\t\t\t<span class=\"elementor-button-content-wrapper\">\n\t\t\t\t\t\t<span class=\"elementor-button-text\">Mes sorties Culture Orne<\/span>\n\t\t<\/span>\n\t\t\t\t\t<\/a>\n\t\t<\/div>\n\t\t\t\t<\/div>\n\t\t\t\t<\/div>\n\t\t\t\t<div class=\"elementor-element elementor-element-b24b373 elementor-align-justify elementor-widget elementor-widget-button\" data-id=\"b24b373\" data-element_type=\"widget\" data-widget_type=\"button.default\">\n\t\t\t\t<div class=\"elementor-widget-container\">\n\t\t\t\t\t<div class=\"elementor-button-wrapper\">\n\t\t\t<a href=\"https:\/\/culture.orne.fr\/rezz0-61\" target=\"_blank\" class=\"elementor-button-link elementor-button elementor-size-sm\" role=\"button\">\n\t\t\t\t\t\t<span class=\"elementor-button-content-wrapper\">\n\t\t\t\t\t\t<span class=\"elementor-button-text\">Saison RezzO61<\/span>\n\t\t<\/span>\n\t\t\t\t\t<\/a>\n\t\t<\/div>\n\t\t\t\t<\/div>\n\t\t\t\t<\/div>\n\t\t\t\t<div class=\"elementor-element elementor-element-de760c8 acc elementor-widget elementor-widget-heading\" data-id=\"de760c8\" data-element_type=\"widget\" data-widget_type=\"heading.default\">\n\t\t\t\t<div class=\"elementor-widget-container\">\n\t\t\t<p class=\"elementor-heading-title elementor-size-default\"><a href=\"#elementor-action%3Aaction%3Dpopup%3Aopen%26settings%3DeyJpZCI6IjQ4NzMiLCJ0b2dnbGUiOmZhbHNlfQ%3D%3D\">TARIFS<\/a><\/p>\t\t<\/div>\n\t\t\t\t<\/div>\n\t\t\t\t<div class=\"elementor-element elementor-element-24098c5 elementor-widget elementor-widget-eael-creative-button\" data-id=\"24098c5\" data-element_type=\"widget\" data-widget_type=\"eael-creative-button.default\">\n\t\t\t\t<div class=\"elementor-widget-container\">\n\t\t\t        <div class=\"eael-creative-button-wrapper\">\n\n            <a class=\"eael-creative-button eael-creative-button--rayen\" href=\"http:\/\/algornet.com\/es\/billetterie-en-ligne\/\" data-text=\"Acheter en ligne\">\n\n                <div class=\"creative-button-inner\">\n\n                                            <span class=\"eael-creative-button-icon-left\"><\/span>                    \n                    <span class=\"cretive-button-text\">Billetterie en ligne<\/span>\n\n                                    <\/div>\n            <\/a>\n        <\/div>\n\t\t<\/div>\n\t\t\t\t<\/div>\n\t\t\t\t\t\t<\/div>\n\t\t\t\t\t<\/div>\n\t\t<\/div>\n\t\t\t\t\t\t\t\t<\/div>\n\t\t\t\t\t<\/div>\n\t\t<\/section>\n\t\t\t\t<div class=\"elementor-element elementor-element-bc46cd9 elementor-widget elementor-widget-text-editor\" data-id=\"bc46cd9\" data-element_type=\"widget\" data-widget_type=\"text-editor.default\">\n\t\t\t\t<div class=\"elementor-widget-container\">\n\t\t\t\t\t\t\t\t<div class=\"elementor-text-editor elementor-clearfix\">\n\t\t\t\t<p><b>Saison culturelle TOUT PUBLIC<\/b><\/p><ul><li><a href=\"https:\/\/culture.orne.fr\/mes-ancetres-les-gaulois-cie-la-volige-nicolas-bonneau-fanny-cheriaux\" target=\"_blank\" rel=\"noopener\"><em>Mes anc\u00eatres les gaulois<\/em> de la Cie La Volige<\/a>, <b>Jeudi 17 novembre 2022 \u00e0 20h30. SPECTACLE MUSICAL.<br \/><\/b><\/li><li><a href=\"https:\/\/culture.orne.fr\/le-destin-moyen-dun-mec-fabuleux-laurent-madiot\" target=\"_blank\" rel=\"noopener\"><em>Le Destin Moyen d&rsquo;un mec fabuleux<\/em><b>, <\/b>par Laurent Madiot,<\/a><b> jeudi 17 janvier 2023 \u00e0 20h30. SPECTACLE MUSICAL<br \/><\/b><\/li><li><em>Printemps de la Chanson, Orianne Lacaille<\/em><b>, mardi 28 mars 2023 \u00e0 20h30. CONCERT.<\/b><\/li><\/ul><div>\u00a0<\/div><div><b>Cliquer sur l&rsquo;image pour regarder une vid\u00e9o<\/b><\/div>\t\t\t\t\t<\/div>\n\t\t\t\t\t\t<\/div>\n\t\t\t\t<\/div>\n\t\t\t\t<div class=\"elementor-element elementor-element-b6a537f elementor-widget elementor-widget-eael-flip-carousel\" data-id=\"b6a537f\" data-element_type=\"widget\" data-widget_type=\"eael-flip-carousel.default\">\n\t\t\t\t<div class=\"elementor-widget-container\">\n\t\t\t\t\t<div class=\"eael-flip-carousel flip-carousel-b6a537f\" data-style=\"coverflow\" data-start=\"center\" data-fadein=\"0\" data-loop=\"true\" data-autoplay=\"3000\" data-pauseonhover=\"true\" data-spacing=\"0.2\" data-click=\"true\" data-scrollwheel=\"true\" data-touch=\"true\" data-buttons=\"\" data-buttonprev=\"fas fa-arrow-left\" data-buttonnext=\"fas fa-arrow-right\">\n\t\t\t<ul class=\"flip-items\">\n\t\t\t\t\t\t\t\t\t<li>\n\t\t\t\t\t\t\t\t\t\t\t\t\t<a href=\"https:\/\/vimeo.com\/520861388\" target=\"_blank\" >\n\t\t\t\t\t\t\t\t<img src=\"http:\/\/algornet.com\/wp-content\/uploads\/2022\/08\/mes-ancetres....jpg\" alt=\"\">\n\t\t\t\t\t\t\t<\/a>\n\t\t\t\t\t\t\t\t\t\t\t\t\t\t\t<p class=\"flip-carousel-text\">Mes Anc\u00eatres les gaulois<\/p>\n\t\t\t\t\t\t\t\t\t\t\t\t\t\n\t\t\t\t\t<\/li>\n\t\t\t\t\t\t\t\t\t<li>\n\t\t\t\t\t\t\t\t\t\t\t\t\t<a href=\"https:\/\/www.youtube.com\/watch?v=nYJWfaNrCV4\" target=\"_blank\" >\n\t\t\t\t\t\t\t\t<img src=\"http:\/\/algornet.com\/wp-content\/uploads\/2022\/08\/le-destin.jpg\" alt=\"\">\n\t\t\t\t\t\t\t<\/a>\n\t\t\t\t\t\t\t\t\t\t\t\t\t\t\t<p class=\"flip-carousel-text\">Le Destin Moyen d'un mec fabuleux<\/p>\n\t\t\t\t\t\t\t\t\t\t\t\t\t\n\t\t\t\t\t<\/li>\n\t\t\t\t\t\t\t\t\t<li>\n\t\t\t\t\t\t\t\t\t\t\t\t\t<a href=\"https:\/\/www.youtube.com\/watch?v=2eOgw6hXuPwcom\/spectacles\/les-g%C3%A9antes\/\" target=\"_blank\" >\n\t\t\t\t\t\t\t\t<img src=\"http:\/\/algornet.com\/wp-content\/uploads\/2022\/08\/Oriane-Lacaille-credit-photo-Fabien-Tijou.jpg\" alt=\"\">\n\t\t\t\t\t\t\t<\/a>\n\t\t\t\t\t\t\t\t\t\t\t\t\t\t\t<p class=\"flip-carousel-text\">Oriane Lacaille<\/p>\n\t\t\t\t\t\t\t\t\t\t\t\t\t\n\t\t\t\t\t<\/li>\n\t\t\t\t\t\t\t<\/ul>\n\t\t<\/div>\n\t\t\t\t<\/div>\n\t\t\t\t<\/div>\n\t\t\t\t<div class=\"elementor-element elementor-element-f3f523a elementor-widget elementor-widget-heading\" data-id=\"f3f523a\" data-element_type=\"widget\" data-widget_type=\"heading.default\">\n\t\t\t\t<div class=\"elementor-widget-container\">\n\t\t\t<h2 class=\"elementor-heading-title elementor-size-default\">La SAISON JEUNE PUBLIC (r\u00e9serv\u00e9e aux \u00e9coles du territoire)<\/h2>\t\t<\/div>\n\t\t\t\t<\/div>\n\t\t\t\t<div class=\"elementor-element elementor-element-50bcfd0 elementor-widget elementor-widget-text-editor\" data-id=\"50bcfd0\" data-element_type=\"widget\" data-widget_type=\"text-editor.default\">\n\t\t\t\t<div class=\"elementor-widget-container\">\n\t\t\t\t\t\t\t\t<div class=\"elementor-text-editor elementor-clearfix\">\n\t\t\t\t<p>La saison Jeune public est r\u00e9serv\u00e9e aux \u00e9l\u00e8ves des \u00e9coles primaires du territoire. Un spectacle pour chaque cycle :<\/p>\n<p><span style=\"text-decoration: underline;\">CYCLE 1<\/span> :<strong> Racines propos\u00e9 par le th\u00e9\u00e2tre Bascule<\/strong> sera pr\u00e9sent\u00e9 les<em> jeudi 15 et vendredi 16 juin 2023<\/em><\/p>\n<p><span style=\"text-decoration: underline;\">CYCLE 2<\/span> : <strong>La L\u00e9gende de Tsolmon par le duo Gobi Rhapsodie<\/strong> sera pr\u00e9sent\u00e9 le <em>jeudi 05 janvier 2023<\/em><\/p>\n<p><span style=\"text-decoration: underline;\">CYCLE 3<\/span> : <strong>\u00c7a me fait penser par le th\u00e9\u00e2tre Chantier21<\/strong> sera pr\u00e9sent\u00e9 le<em> jeudi 6 octobre 2022<\/em><\/p>\t\t\t\t\t<\/div>\n\t\t\t\t\t\t<\/div>\n\t\t\t\t<\/div>\n\t\t\t\t<div class=\"elementor-element elementor-element-449bdcc elementor-widget elementor-widget-image\" data-id=\"449bdcc\" data-element_type=\"widget\" data-widget_type=\"image.default\">\n\t\t\t\t<div class=\"elementor-widget-container\">\n\t\t\t\t\t\t\t\t<div class=\"elementor-image\">\n\t\t\t\t\t\t\t\t\t\t\t\t<img width=\"800\" height=\"279\" src=\"http:\/\/algornet.com\/wp-content\/uploads\/2022\/08\/visuel-JP-1-1024x357.jpg\" class=\"attachment-large size-large\" alt=\"\" loading=\"lazy\" srcset=\"http:\/\/algornet.com\/wp-content\/uploads\/2022\/08\/visuel-JP-1-1024x357.jpg 1024w, http:\/\/algornet.com\/wp-content\/uploads\/2022\/08\/visuel-JP-1-300x105.jpg 300w, http:\/\/algornet.com\/wp-content\/uploads\/2022\/08\/visuel-JP-1-768x268.jpg 768w, http:\/\/algornet.com\/wp-content\/uploads\/2022\/08\/visuel-JP-1-1536x536.jpg 1536w, http:\/\/algornet.com\/wp-content\/uploads\/2022\/08\/visuel-JP-1-2048x715.jpg 2048w, http:\/\/algornet.com\/wp-content\/uploads\/2022\/08\/visuel-JP-1-18x6.jpg 18w\" sizes=\"(max-width: 800px) 100vw, 800px\" \/>\t\t\t\t\t\t\t\t\t\t\t\t\t\t<\/div>\n\t\t\t\t\t\t<\/div>\n\t\t\t\t<\/div>\n\t\t\t\t\t\t<\/div>\n\t\t\t\t\t<\/div>\n\t\t<\/div>\n\t\t\t\t\t\t\t\t<\/div>\n\t\t\t\t\t<\/div>\n\t\t<\/section>\n\t\t\t\t\t\t<\/div>\n\t\t\t\t\t\t<\/div>\n\t\t\t\t\t<\/div>","protected":false},"excerpt":{"rendered":"<p>Saison culturelle LES SAISONS CULTURELLES TOUT PUBLIC et SCOLAIRE sont propos\u00e9es en partenariat avec le D\u00e9partement de L\u2019Orne dans le cadre du C&rsquo;61, R\u00c9SEAU DES ACTEURS CULTURELS DE L&rsquo;ORNE. La programmation tout public est \u00e9labor\u00e9e avec les membres de la commission \u00ab\u00a0Culture\u00a0\u00bb et la charg\u00e9e de la programmation culturelle du conseil d\u00e9partemental dont l\u2019esprit est [&hellip;]<\/p>","protected":false},"author":1,"featured_media":0,"parent":0,"menu_order":0,"comment_status":"closed","ping_status":"closed","template":"elementor_header_footer","meta":[],"categories":[],"tags":[],"_links":{"self":[{"href":"http:\/\/algornet.com\/es\/wp-json\/wp\/v2\/pages\/4367"}],"collection":[{"href":"http:\/\/algornet.com\/es\/wp-json\/wp\/v2\/pages"}],"about":[{"href":"http:\/\/algornet.com\/es\/wp-json\/wp\/v2\/types\/page"}],"author":[{"embeddable":true,"href":"http:\/\/algornet.com\/es\/wp-json\/wp\/v2\/users\/1"}],"replies":[{"embeddable":true,"href":"http:\/\/algornet.com\/es\/wp-json\/wp\/v2\/comments?post=4367"}],"version-history":[{"count":156,"href":"http:\/\/algornet.com\/es\/wp-json\/wp\/v2\/pages\/4367\/revisions"}],"predecessor-version":[{"id":12486,"href":"http:\/\/algornet.com\/es\/wp-json\/wp\/v2\/pages\/4367\/revisions\/12486"}],"wp:attachment":[{"href":"http:\/\/algornet.com\/es\/wp-json\/wp\/v2\/media?parent=4367"}],"wp:term":[{"taxonomy":"category","embeddable":true,"href":"http:\/\/algornet.com\/es\/wp-json\/wp\/v2\/categories?post=4367"},{"taxonomy":"post_tag","embeddable":true,"href":"http:\/\/algornet.com\/es\/wp-json\/wp\/v2\/tags?post=4367"}],"curies":[{"name":"wp","href":"https:\/\/api.w.org\/{rel}","templated":true}]}}