{"id":2221,"date":"2020-03-27T09:32:04","date_gmt":"2020-03-27T08:32:04","guid":{"rendered":"http:\/\/algornet.com\/?page_id=2221"},"modified":"2022-01-11T15:19:18","modified_gmt":"2022-01-11T14:19:18","slug":"offices_de_tourisme","status":"publish","type":"page","link":"http:\/\/algornet.com\/es\/offices_de_tourisme\/","title":{"rendered":"offices_de_tourisme"},"content":{"rendered":"<div data-elementor-type=\"wp-page\" data-elementor-id=\"2221\" class=\"elementor elementor-2221\" data-elementor-settings=\"[]\">\n\t\t\t\t\t\t<div class=\"elementor-inner\">\n\t\t\t\t\t\t\t<div class=\"elementor-section-wrap\">\n\t\t\t\t\t\t\t<section data-particle_enable=\"false\" data-particle-mobile-disabled=\"false\" class=\"elementor-section elementor-top-section elementor-element elementor-element-eb3e29d elementor-section-boxed elementor-section-height-default elementor-section-height-default\" data-id=\"eb3e29d\" data-element_type=\"section\" data-settings=\"{&quot;background_background&quot;:&quot;classic&quot;}\">\n\t\t\t\t\t\t<div class=\"elementor-container elementor-column-gap-default\">\n\t\t\t\t\t\t\t<div class=\"elementor-row\">\n\t\t\t\t\t<div class=\"elementor-column elementor-col-100 elementor-top-column elementor-element elementor-element-feb3405\" data-id=\"feb3405\" data-element_type=\"column\" data-settings=\"{&quot;background_background&quot;:&quot;classic&quot;}\">\n\t\t\t<div class=\"elementor-column-wrap elementor-element-populated\">\n\t\t\t\t\t\t\t<div class=\"elementor-widget-wrap\">\n\t\t\t\t\t\t<div class=\"elementor-element elementor-element-3491452 elementor-widget elementor-widget-image\" data-id=\"3491452\" data-element_type=\"widget\" data-widget_type=\"image.default\">\n\t\t\t\t<div class=\"elementor-widget-container\">\n\t\t\t\t\t\t\t\t<div class=\"elementor-image\">\n\t\t\t\t\t\t\t\t\t\t\t\t<img width=\"2560\" height=\"712\" src=\"http:\/\/algornet.com\/wp-content\/uploads\/2021\/03\/image-ots-scaled.jpg\" class=\"attachment-full size-full\" alt=\"\" loading=\"lazy\" srcset=\"http:\/\/algornet.com\/wp-content\/uploads\/2021\/03\/image-ots-scaled.jpg 2560w, http:\/\/algornet.com\/wp-content\/uploads\/2021\/03\/image-ots-300x83.jpg 300w, http:\/\/algornet.com\/wp-content\/uploads\/2021\/03\/image-ots-1024x285.jpg 1024w, http:\/\/algornet.com\/wp-content\/uploads\/2021\/03\/image-ots-768x214.jpg 768w, http:\/\/algornet.com\/wp-content\/uploads\/2021\/03\/image-ots-1536x427.jpg 1536w, http:\/\/algornet.com\/wp-content\/uploads\/2021\/03\/image-ots-2048x570.jpg 2048w\" sizes=\"(max-width: 2560px) 100vw, 2560px\" \/>\t\t\t\t\t\t\t\t\t\t\t\t\t\t<\/div>\n\t\t\t\t\t\t<\/div>\n\t\t\t\t<\/div>\n\t\t\t\t<div class=\"elementor-element elementor-element-9a6f249 elementor-widget elementor-widget-heading\" data-id=\"9a6f249\" data-element_type=\"widget\" data-widget_type=\"heading.default\">\n\t\t\t\t<div class=\"elementor-widget-container\">\n\t\t\t<h2 class=\"elementor-heading-title elementor-size-default\">Offices de tourisme\n\n<\/h2>\t\t<\/div>\n\t\t\t\t<\/div>\n\t\t\t\t<section data-particle_enable=\"false\" data-particle-mobile-disabled=\"false\" class=\"elementor-section elementor-inner-section elementor-element elementor-element-95a58c4 elementor-section-boxed elementor-section-height-default elementor-section-height-default\" data-id=\"95a58c4\" data-element_type=\"section\">\n\t\t\t\t\t\t<div class=\"elementor-container elementor-column-gap-default\">\n\t\t\t\t\t\t\t<div class=\"elementor-row\">\n\t\t\t\t\t<div class=\"elementor-column elementor-col-50 elementor-inner-column elementor-element elementor-element-9fde031\" data-id=\"9fde031\" data-element_type=\"column\">\n\t\t\t<div class=\"elementor-column-wrap elementor-element-populated\">\n\t\t\t\t\t\t\t<div class=\"elementor-widget-wrap\">\n\t\t\t\t\t\t<div class=\"elementor-element elementor-element-384cea6 elementor-flip-box--direction-right elementor-flip-box--3d elementor-flip-box--effect-flip elementor-widget elementor-widget-flip-box\" data-id=\"384cea6\" data-element_type=\"widget\" data-widget_type=\"flip-box.default\">\n\t\t\t\t<div class=\"elementor-widget-container\">\n\t\t\t\t\t<div class=\"elementor-flip-box\">\n\t\t\t<div class=\"elementor-flip-box__layer elementor-flip-box__front\">\n\t\t\t\t<div class=\"elementor-flip-box__layer__overlay\">\n\t\t\t\t\t<div class=\"elementor-flip-box__layer__inner\">\n\t\t\t\t\t\t\t\t\t\t\t\t\t<div class=\"elementor-flip-box__image\">\n\t\t\t\t\t\t\t\t<img width=\"1030\" height=\"757\" src=\"http:\/\/algornet.com\/wp-content\/uploads\/2021\/07\/ot-courtomer_opt2-1.jpg\" class=\"attachment-full size-full\" alt=\"\" loading=\"lazy\" srcset=\"http:\/\/algornet.com\/wp-content\/uploads\/2021\/07\/ot-courtomer_opt2-1.jpg 1030w, http:\/\/algornet.com\/wp-content\/uploads\/2021\/07\/ot-courtomer_opt2-1-300x220.jpg 300w, http:\/\/algornet.com\/wp-content\/uploads\/2021\/07\/ot-courtomer_opt2-1-1024x753.jpg 1024w, http:\/\/algornet.com\/wp-content\/uploads\/2021\/07\/ot-courtomer_opt2-1-768x564.jpg 768w, http:\/\/algornet.com\/wp-content\/uploads\/2021\/07\/ot-courtomer_opt2-1-16x12.jpg 16w\" sizes=\"(max-width: 1030px) 100vw, 1030px\" \/>\t\t\t\t\t\t\t<\/div>\n\t\t\t\t\t\t\n\t\t\t\t\t\t\t\t\t\t\t\t\t<h3 class=\"elementor-flip-box__layer__title\">\n\t\t\t\t\t\t\t\t<p class=\"title_flip_left\">COURTOMER<\/p>\t\t\t\t\t\t\t<\/h3>\n\t\t\t\t\t\t\n\t\t\t\t\t\t\t\t\t\t\t\t\t<div class=\"elementor-flip-box__layer__description\">\n\t\t\t\t\t\t\t\t<div class=\"text_body_flip_left\">17 Place Albert Roger <br>\n<strong>Synticat d\u2019initiatives Tourisme & Commerce de Courtomer<\/strong>\n\t<\/div>\t\t\t\t\t\t\t<\/div>\n\t\t\t\t\t\t\t\t\t\t\t<\/div>\n\t\t\t\t<\/div>\n\t\t\t<\/div>\n\t\t\t<div class=\"elementor-flip-box__layer elementor-flip-box__back\">\n\t\t\t<div class=\"elementor-flip-box__layer__overlay\">\n\t\t\t\t<div class=\"elementor-flip-box__layer__inner\">\n\t\t\t\t\t\n\t\t\t\t\t\t\t\t\t\t\t<div class=\"elementor-flip-box__layer__description\">\n\t\t\t\t\t\t\t<ul>\n\t<\/li><li> <strong>T\u00e9l. :<\/strong> 02 33 28 58 93<\/li>\n\t<li><strong>Site : <\/strong>www.tourisme-courtomer.fr<\/li> <br>\n\t<li class=\"nodot\"><strong>Horaires d'ouverture : <\/strong><br><br><\/li>\n\t<li>Lundi, mardi, jeudi :\n14h \u00e0 17h <\/li>\n<li>Vendredi : 9h \u00e0 12h15 et de 14h \u00e0 16h<\/li>\n\t<li>Samedi : 14h \u00e0 16h<\/li>\n\t<li>Ferm\u00e9 le mercredi <\/li>\n<\/ul>\t\t\t\t\t\t<\/div>\n\t\t\t\t\t\n\t\t\t\t\t\t\t\t<\/div>\n\t\t<\/div>\n\t\t<\/div>\n\t\t<\/div>\n\t\t\t\t<\/div>\n\t\t\t\t<\/div>\n\t\t\t\t<div class=\"elementor-element elementor-element-fd20ccb elementor-flip-box--direction-right elementor-flip-box--3d elementor-flip-box--effect-flip elementor-widget elementor-widget-flip-box\" data-id=\"fd20ccb\" data-element_type=\"widget\" data-widget_type=\"flip-box.default\">\n\t\t\t\t<div class=\"elementor-widget-container\">\n\t\t\t\t\t<div class=\"elementor-flip-box\">\n\t\t\t<div class=\"elementor-flip-box__layer elementor-flip-box__front\">\n\t\t\t\t<div class=\"elementor-flip-box__layer__overlay\">\n\t\t\t\t\t<div class=\"elementor-flip-box__layer__inner\">\n\t\t\t\t\t\t\t\t\t\t\t\t\t<div class=\"elementor-flip-box__image\">\n\t\t\t\t\t\t\t\t<img width=\"1030\" height=\"757\" src=\"http:\/\/algornet.com\/wp-content\/uploads\/2021\/07\/ste-scolasser_opt2.jpg\" class=\"attachment-full size-full\" alt=\"\" loading=\"lazy\" srcset=\"http:\/\/algornet.com\/wp-content\/uploads\/2021\/07\/ste-scolasser_opt2.jpg 1030w, http:\/\/algornet.com\/wp-content\/uploads\/2021\/07\/ste-scolasser_opt2-300x220.jpg 300w, http:\/\/algornet.com\/wp-content\/uploads\/2021\/07\/ste-scolasser_opt2-1024x753.jpg 1024w, http:\/\/algornet.com\/wp-content\/uploads\/2021\/07\/ste-scolasser_opt2-768x564.jpg 768w, http:\/\/algornet.com\/wp-content\/uploads\/2021\/07\/ste-scolasser_opt2-16x12.jpg 16w\" sizes=\"(max-width: 1030px) 100vw, 1030px\" \/>\t\t\t\t\t\t\t<\/div>\n\t\t\t\t\t\t\n\t\t\t\t\t\t\t\t\t\t\t\t\t<h3 class=\"elementor-flip-box__layer__title\">\n\t\t\t\t\t\t\t\t<p class=\"title_flip_left\">STE SCOLASSE SUR SARTHE<\/p>\t\t\t\t\t\t\t<\/h3>\n\t\t\t\t\t\t\n\t\t\t\t\t\t\t\t\t\t\t\t\t<div class=\"elementor-flip-box__layer__description\">\n\t\t\t\t\t\t\t\t<div class=\"text_body_flip_left\">\nMairie <br>\n<strong>Syndicat d\u2019initiative<\/strong><\/div>\t\t\t\t\t\t\t<\/div>\n\t\t\t\t\t\t\t\t\t\t\t<\/div>\n\t\t\t\t<\/div>\n\t\t\t<\/div>\n\t\t\t<div class=\"elementor-flip-box__layer elementor-flip-box__back\">\n\t\t\t<div class=\"elementor-flip-box__layer__overlay\">\n\t\t\t\t<div class=\"elementor-flip-box__layer__inner\">\n\t\t\t\t\t\n\t\t\t\t\t\t\t\t\t\t\t<div class=\"elementor-flip-box__layer__description\">\n\t\t\t\t\t\t\t<ul>\n\t<li><strong>T\u00e9l. : <\/strong> 02 33 28 53 76<\/li><br>\n\t<li class=\"nodot\"><strong>Horaires d'ouverture :<\/strong><br><\/li>\n\t<li>Mardi et vendredi de 8h \u00e0 12h et 14h \u00e0 17h<\/li>\n<\/ul>\t\t\t\t\t\t<\/div>\n\t\t\t\t\t\n\t\t\t\t\t\t\t\t<\/div>\n\t\t<\/div>\n\t\t<\/div>\n\t\t<\/div>\n\t\t\t\t<\/div>\n\t\t\t\t<\/div>\n\t\t\t\t\t\t<\/div>\n\t\t\t\t\t<\/div>\n\t\t<\/div>\n\t\t\t\t<div class=\"elementor-column elementor-col-50 elementor-inner-column elementor-element elementor-element-3ee41df\" data-id=\"3ee41df\" data-element_type=\"column\">\n\t\t\t<div class=\"elementor-column-wrap elementor-element-populated\">\n\t\t\t\t\t\t\t<div class=\"elementor-widget-wrap\">\n\t\t\t\t\t\t<div class=\"elementor-element elementor-element-6b1eb75 elementor-flip-box--direction-right elementor-flip-box--3d elementor-flip-box--effect-flip elementor-widget elementor-widget-flip-box\" data-id=\"6b1eb75\" data-element_type=\"widget\" data-widget_type=\"flip-box.default\">\n\t\t\t\t<div class=\"elementor-widget-container\">\n\t\t\t\t\t<div class=\"elementor-flip-box\">\n\t\t\t<div class=\"elementor-flip-box__layer elementor-flip-box__front\">\n\t\t\t\t<div class=\"elementor-flip-box__layer__overlay\">\n\t\t\t\t\t<div class=\"elementor-flip-box__layer__inner\">\n\t\t\t\t\t\t\t\t\t\t\t\t\t<div class=\"elementor-flip-box__image\">\n\t\t\t\t\t\t\t\t<img width=\"1030\" height=\"757\" src=\"http:\/\/algornet.com\/wp-content\/uploads\/2021\/07\/ot-le-mele-sur-sarthe_opt2-1.jpg\" class=\"attachment-full size-full\" alt=\"\" loading=\"lazy\" srcset=\"http:\/\/algornet.com\/wp-content\/uploads\/2021\/07\/ot-le-mele-sur-sarthe_opt2-1.jpg 1030w, http:\/\/algornet.com\/wp-content\/uploads\/2021\/07\/ot-le-mele-sur-sarthe_opt2-1-300x220.jpg 300w, http:\/\/algornet.com\/wp-content\/uploads\/2021\/07\/ot-le-mele-sur-sarthe_opt2-1-1024x753.jpg 1024w, http:\/\/algornet.com\/wp-content\/uploads\/2021\/07\/ot-le-mele-sur-sarthe_opt2-1-768x564.jpg 768w, http:\/\/algornet.com\/wp-content\/uploads\/2021\/07\/ot-le-mele-sur-sarthe_opt2-1-16x12.jpg 16w\" sizes=\"(max-width: 1030px) 100vw, 1030px\" \/>\t\t\t\t\t\t\t<\/div>\n\t\t\t\t\t\t\n\t\t\t\t\t\t\t\t\t\t\t\t\t<h3 class=\"elementor-flip-box__layer__title\">\n\t\t\t\t\t\t\t\t<p class=\"title_flip_left\">LE M\u00caLE SUR SARTHE<\/p>\t\t\t\t\t\t\t<\/h3>\n\t\t\t\t\t\t\n\t\t\t\t\t\t\t\t\t\t\t\t\t<div class=\"elementor-flip-box__layer__description\">\n\t\t\t\t\t\t\t\t<div class=\"text_body_flip_left\">\nPlace Charles de Gaulle<br>\n<strong>Office de Tourisme du Pays M\u00ealois\n<\/strong>\n\t<\/div>\t\t\t\t\t\t\t<\/div>\n\t\t\t\t\t\t\t\t\t\t\t<\/div>\n\t\t\t\t<\/div>\n\t\t\t<\/div>\n\t\t\t<div class=\"elementor-flip-box__layer elementor-flip-box__back\">\n\t\t\t<div class=\"elementor-flip-box__layer__overlay\">\n\t\t\t\t<div class=\"elementor-flip-box__layer__inner\">\n\t\t\t\t\t\n\t\t\t\t\t\t\t\t\t\t\t<div class=\"elementor-flip-box__layer__description\">\n\t\t\t\t\t\t\t<ul>\n\t<li> <strong>Mail : <\/strong> otpaysmelois@wanadoo.fr<\/li>\n\t<li><strong>T\u00e9l :<\/strong> 02 33 27 63 97<\/li>\n\t<li><strong>Site :<\/strong> www.otpaysmelois.fr<\/li><br>\n\t<li class=\"nodot\"><strong>Horaires d'ouverture :<\/strong><\/li>\n\t<li><strong>Octobre \u00e0 avril :<\/li>\n\t<\/strong> Mardi au samedi : 9h \u00e0 12h\n<\/li>\n\t<li><strong> Mai - juin - septembre<\/li>\n\t<\/strong> Mardi au samedi :<\/strong> 9h45 \u00e0 12h et 14h \u00e0 16h45<\/li>\n\t<li><strong>Juillet - ao\u00fbt :<\/strong><\/li>\n\t<\/strong> Mardi au samedi :<\/strong> 10h \u00e0 12h et de 14h \u00e0 16:45<\/strong<\/li><br>\n\t<\/strong> Dimanche et jours f\u00e9ri\u00e9s :<\/strong> 10h \u00e0 12h<\/li>\n<\/ul>\n\t\t\t\t\t\t<\/div>\n\t\t\t\t\t\n\t\t\t\t\t\t\t\t<\/div>\n\t\t<\/div>\n\t\t<\/div>\n\t\t<\/div>\n\t\t\t\t<\/div>\n\t\t\t\t<\/div>\n\t\t\t\t<div class=\"elementor-element elementor-element-8a5502d elementor-widget elementor-widget-button\" data-id=\"8a5502d\" data-element_type=\"widget\" data-widget_type=\"button.default\">\n\t\t\t\t<div class=\"elementor-widget-container\">\n\t\t\t\t\t<div class=\"elementor-button-wrapper\">\n\t\t\t<a href=\"http:\/\/algornet.com\/es\/actualites\/\" class=\"elementor-button-link elementor-button elementor-size-sm\" role=\"button\">\n\t\t\t\t\t\t<span class=\"elementor-button-content-wrapper\">\n\t\t\t\t\t\t<span class=\"elementor-button-text\">Todas las novedades (en Frances)<\/span>\n\t\t<\/span>\n\t\t\t\t\t<\/a>\n\t\t<\/div>\n\t\t\t\t<\/div>\n\t\t\t\t<\/div>\n\t\t\t\t<div class=\"elementor-element elementor-element-ee5bb00 elementor-widget elementor-widget-eael-post-carousel\" data-id=\"ee5bb00\" data-element_type=\"widget\" data-widget_type=\"eael-post-carousel.default\">\n\t\t\t\t<div class=\"elementor-widget-container\">\n\t\t\t        <div class=\"swiper-container-wrap eael-logo-carousel-wrap eael-post-grid-container eael-post-carousel-wrap eael-post-carousel-style-default swiper-container-wrap-dots-outside\" id=\"eael-post-grid-ee5bb00\">\n            <div class=\"swiper-container eael-post-carousel eael-post-grid swiper-container-ee5bb00 eael-post-appender-ee5bb00\" data-pagination=\".swiper-pagination-ee5bb00\" data-arrow-next=\".swiper-button-next-ee5bb00\" data-arrow-prev=\".swiper-button-prev-ee5bb00\" data-items=\"1\" data-items-tablet=\"1\" data-items-mobile=\"1\" data-margin=\"10\" data-margin-tablet=\"1\" data-effect=\"slide\" data-speed=\"3000\" data-autoplay=\"2000\" data-pause-on-hover=\"true\" data-loop=\"1\" data-arrows=\"1\" data-dots=\"1\">\n                <div class=\"swiper-wrapper\">\n                    <div class=\"swiper-slide\"><article class=\"eael-grid-post eael-post-grid-column\">\n    <div class=\"eael-grid-post-holder\">\n        <div class=\"eael-grid-post-holder-inner\"><div class=\"eael-entry-media eael-entry-medianone\"><div class=\"eael-entry-overlay fade-in\"><i class=\"fas fa-long-arrow-alt-right\" aria-hidden=\"true\"><\/i><a href=\"http:\/\/algornet.com\/es\/actualit\u00e9s\/france-renov-le-service-public-pour-mieux-renover-mon-habitat\/\"><\/a><\/div><div class=\"eael-entry-thumbnail\">\n                    <img src=\"http:\/\/algornet.com\/wp-content\/uploads\/2022\/09\/france-renov.jpg\" alt=\"\">\n                    <a href=\"http:\/\/algornet.com\/es\/actualit\u00e9s\/france-renov-le-service-public-pour-mieux-renover-mon-habitat\/\"><\/a>\n                <\/div><\/div><div class=\"eael-entry-wrapper\"><header class=\"eael-entry-header\"><h2 class=\"eael-entry-title\"><a class=\"eael-grid-post-link\" href=\"http:\/\/algornet.com\/es\/actualit\u00e9s\/france-renov-le-service-public-pour-mieux-renover-mon-habitat\/\" title=\"France R\u00e9nov\u2019, le service public pour mieux r\u00e9nover mon habitat\">France R\u00e9nov\u2019, le service public pour mieux r\u00e9nover mon habitat<\/a><\/h2><\/header><\/div><div class=\"eael-entry-content\">\n            <div class=\"eael-grid-post-excerpt\"><p><\/p><div class=\"eael-post-elements-readmore-wrap\"><a href=\"http:\/\/algornet.com\/es\/actualit\u00e9s\/france-renov-le-service-public-pour-mieux-renover-mon-habitat\/\" class=\"eael-post-elements-readmore-btn\"><\/a><\/div><\/div>\n        <\/div><div class=\"eael-entry-footer\"><div class=\"eael-entry-meta\"><div class=\"eael-posted-on\"><time datetime=\"septiembre 5, 2022\">septiembre 5, 2022<\/time><\/div><\/div><\/div><\/div><\/div><\/article><\/div><div class=\"swiper-slide\"><article class=\"eael-grid-post eael-post-grid-column\">\n    <div class=\"eael-grid-post-holder\">\n        <div class=\"eael-grid-post-holder-inner\"><div class=\"eael-entry-media eael-entry-medianone\"><div class=\"eael-entry-overlay fade-in\"><i class=\"fas fa-long-arrow-alt-right\" aria-hidden=\"true\"><\/i><a href=\"http:\/\/algornet.com\/es\/actualit\u00e9s\/defi-famille-a-biodiversite-positive\/\"><\/a><\/div><div class=\"eael-entry-thumbnail\">\n                    <img src=\"http:\/\/algornet.com\/wp-content\/uploads\/2022\/09\/abc-defi-famille-scaled.jpg\" alt=\"\">\n                    <a href=\"http:\/\/algornet.com\/es\/actualit\u00e9s\/defi-famille-a-biodiversite-positive\/\"><\/a>\n                <\/div><\/div><div class=\"eael-entry-wrapper\"><header class=\"eael-entry-header\"><h2 class=\"eael-entry-title\"><a class=\"eael-grid-post-link\" href=\"http:\/\/algornet.com\/es\/actualit\u00e9s\/defi-famille-a-biodiversite-positive\/\" title=\"D\u00e9fi-famille \u00e0 biodiversit\u00e9 positive\">D\u00e9fi-famille \u00e0 biodiversit\u00e9 positive<\/a><\/h2><\/header><\/div><div class=\"eael-entry-content\">\n            <div class=\"eael-grid-post-excerpt\"><p>Dans le cadre des animations ABC Vall\u00e9e de la Haute Sarthe<\/p><div class=\"eael-post-elements-readmore-wrap\"><a href=\"http:\/\/algornet.com\/es\/actualit\u00e9s\/defi-famille-a-biodiversite-positive\/\" class=\"eael-post-elements-readmore-btn\"><\/a><\/div><\/div>\n        <\/div><div class=\"eael-entry-footer\"><div class=\"eael-entry-meta\"><div class=\"eael-posted-on\"><time datetime=\"septiembre 5, 2022\">septiembre 5, 2022<\/time><\/div><\/div><\/div><\/div><\/div><\/article><\/div><div class=\"swiper-slide\"><article class=\"eael-grid-post eael-post-grid-column\">\n    <div class=\"eael-grid-post-holder\">\n        <div class=\"eael-grid-post-holder-inner\"><div class=\"eael-entry-media eael-entry-medianone\"><div class=\"eael-entry-overlay fade-in\"><i class=\"fas fa-long-arrow-alt-right\" aria-hidden=\"true\"><\/i><a href=\"http:\/\/algornet.com\/es\/actualit\u00e9s\/forum-des-associations-2022\/\"><\/a><\/div><div class=\"eael-entry-thumbnail\">\n                    <img src=\"http:\/\/algornet.com\/wp-content\/uploads\/2022\/09\/302280221_2320892701405924_8050452632433317956_n.jpg\" alt=\"\">\n                    <a href=\"http:\/\/algornet.com\/es\/actualit\u00e9s\/forum-des-associations-2022\/\"><\/a>\n                <\/div><\/div><div class=\"eael-entry-wrapper\"><header class=\"eael-entry-header\"><h2 class=\"eael-entry-title\"><a class=\"eael-grid-post-link\" href=\"http:\/\/algornet.com\/es\/actualit\u00e9s\/forum-des-associations-2022\/\" title=\"FORUM DES ASSOCIATIONS 2022\">FORUM DES ASSOCIATIONS 2022<\/a><\/h2><\/header><\/div><div class=\"eael-entry-content\">\n            <div class=\"eael-grid-post-excerpt\"><p><\/p><div class=\"eael-post-elements-readmore-wrap\"><a href=\"http:\/\/algornet.com\/es\/actualit\u00e9s\/forum-des-associations-2022\/\" class=\"eael-post-elements-readmore-btn\"><\/a><\/div><\/div>\n        <\/div><div class=\"eael-entry-footer\"><div class=\"eael-entry-meta\"><div class=\"eael-posted-on\"><time datetime=\"septiembre 5, 2022\">septiembre 5, 2022<\/time><\/div><\/div><\/div><\/div><\/div><\/article><\/div><div class=\"swiper-slide\"><article class=\"eael-grid-post eael-post-grid-column\">\n    <div class=\"eael-grid-post-holder\">\n        <div class=\"eael-grid-post-holder-inner\"><div class=\"eael-entry-media eael-entry-medianone\"><div class=\"eael-entry-overlay fade-in\"><i class=\"fas fa-long-arrow-alt-right\" aria-hidden=\"true\"><\/i><a href=\"http:\/\/algornet.com\/es\/actualit\u00e9s\/votre-avis-compte\/\"><\/a><\/div><div class=\"eael-entry-thumbnail\">\n                    <img src=\"http:\/\/algornet.com\/wp-content\/uploads\/2022\/08\/Enquete-socio-vhs-V3-1.jpg\" alt=\"\">\n                    <a href=\"http:\/\/algornet.com\/es\/actualit\u00e9s\/votre-avis-compte\/\"><\/a>\n                <\/div><\/div><div class=\"eael-entry-wrapper\"><header class=\"eael-entry-header\"><h2 class=\"eael-entry-title\"><a class=\"eael-grid-post-link\" href=\"http:\/\/algornet.com\/es\/actualit\u00e9s\/votre-avis-compte\/\" title=\"Votre avis compte !\">Votre avis compte !<\/a><\/h2><\/header><\/div><div class=\"eael-entry-content\">\n            <div class=\"eael-grid-post-excerpt\"><p>Enqu\u00eate aupr\u00e8s des habitants<\/p><div class=\"eael-post-elements-readmore-wrap\"><a href=\"http:\/\/algornet.com\/es\/actualit\u00e9s\/votre-avis-compte\/\" class=\"eael-post-elements-readmore-btn\"><\/a><\/div><\/div>\n        <\/div><div class=\"eael-entry-footer\"><div class=\"eael-entry-meta\"><div class=\"eael-posted-on\"><time datetime=\"agosto 23, 2022\">agosto 23, 2022<\/time><\/div><\/div><\/div><\/div><\/div><\/article><\/div><div class=\"swiper-slide\"><article class=\"eael-grid-post eael-post-grid-column\">\n    <div class=\"eael-grid-post-holder\">\n        <div class=\"eael-grid-post-holder-inner\"><div class=\"eael-entry-media eael-entry-medianone\"><div class=\"eael-entry-overlay fade-in\"><i class=\"fas fa-long-arrow-alt-right\" aria-hidden=\"true\"><\/i><a href=\"http:\/\/algornet.com\/es\/actualit\u00e9s\/operation-programmee-damelioration-de-lhabitat-opah-de-la-communaute-de-communes-de-la-vallee-de-la-haute-sarthe\/\"><\/a><\/div><div class=\"eael-entry-thumbnail\">\n                    <img src=\"http:\/\/algornet.com\/wp-content\/uploads\/2022\/07\/PAC-et-chauffe-eau-scaled.jpg\" alt=\"\">\n                    <a href=\"http:\/\/algornet.com\/es\/actualit\u00e9s\/operation-programmee-damelioration-de-lhabitat-opah-de-la-communaute-de-communes-de-la-vallee-de-la-haute-sarthe\/\"><\/a>\n                <\/div><\/div><div class=\"eael-entry-wrapper\"><header class=\"eael-entry-header\"><h2 class=\"eael-entry-title\"><a class=\"eael-grid-post-link\" href=\"http:\/\/algornet.com\/es\/actualit\u00e9s\/operation-programmee-damelioration-de-lhabitat-opah-de-la-communaute-de-communes-de-la-vallee-de-la-haute-sarthe\/\" title=\"Op\u00e9ration Programm\u00e9e d\u2019Am\u00e9lioration de l\u2019Habitat (OPAH) de la Communaut\u00e9 de Communes de la Vall\u00e9e de la Haute Sarthe\">Op\u00e9ration Programm\u00e9e d\u2019Am\u00e9lioration de l\u2019Habitat (OPAH) de la Communaut\u00e9 de Communes de la Vall\u00e9e de la Haute Sarthe<\/a><\/h2><\/header><\/div><div class=\"eael-entry-content\">\n            <div class=\"eael-grid-post-excerpt\"><p><\/p><div class=\"eael-post-elements-readmore-wrap\"><a href=\"http:\/\/algornet.com\/es\/actualit\u00e9s\/operation-programmee-damelioration-de-lhabitat-opah-de-la-communaute-de-communes-de-la-vallee-de-la-haute-sarthe\/\" class=\"eael-post-elements-readmore-btn\"><\/a><\/div><\/div>\n        <\/div><div class=\"eael-entry-footer\"><div class=\"eael-entry-meta\"><div class=\"eael-posted-on\"><time datetime=\"julio 19, 2022\">julio 19, 2022<\/time><\/div><\/div><\/div><\/div><\/div><\/article><\/div>                <\/div>\n            <\/div>\n            <div class=\"clearfix\"><\/div>\n                        <!-- Add Pagination -->\n            <div class=\"swiper-pagination swiper-pagination-ee5bb00\"><\/div>\n                                <!-- Add Arrows -->\n            <div class=\"swiper-button-next swiper-button-next-ee5bb00\">\n                <i class=\"fa fa-angle-right\"><\/i>\n            <\/div>\n            <div class=\"swiper-button-prev swiper-button-prev-ee5bb00\">\n                <i class=\"fa fa-angle-left\"><\/i>\n            <\/div>\n        <\/div>\n        \t\t<\/div>\n\t\t\t\t<\/div>\n\t\t\t\t\t\t<\/div>\n\t\t\t\t\t<\/div>\n\t\t<\/div>\n\t\t\t\t\t\t\t\t<\/div>\n\t\t\t\t\t<\/div>\n\t\t<\/section>\n\t\t\t\t\t\t<\/div>\n\t\t\t\t\t<\/div>\n\t\t<\/div>\n\t\t\t\t\t\t\t\t<\/div>\n\t\t\t\t\t<\/div>\n\t\t<\/section>\n\t\t\t\t<section data-particle_enable=\"false\" data-particle-mobile-disabled=\"false\" class=\"elementor-section elementor-top-section elementor-element elementor-element-6997389 elementor-section-boxed elementor-section-height-default elementor-section-height-default\" data-id=\"6997389\" data-element_type=\"section\">\n\t\t\t\t\t\t<div class=\"elementor-container elementor-column-gap-default\">\n\t\t\t\t\t\t\t<div class=\"elementor-row\">\n\t\t\t\t\t<div class=\"elementor-column elementor-col-100 elementor-top-column elementor-element elementor-element-356020e\" data-id=\"356020e\" data-element_type=\"column\">\n\t\t\t<div class=\"elementor-column-wrap\">\n\t\t\t\t\t\t\t<div class=\"elementor-widget-wrap\">\n\t\t\t\t\t\t\t\t<\/div>\n\t\t\t\t\t<\/div>\n\t\t<\/div>\n\t\t\t\t\t\t\t\t<\/div>\n\t\t\t\t\t<\/div>\n\t\t<\/section>\n\t\t\t\t\t\t<\/div>\n\t\t\t\t\t\t<\/div>\n\t\t\t\t\t<\/div>","protected":false},"excerpt":{"rendered":"<p>Offices de tourisme COURTOMER 17 Place Albert Roger Synticat d\u2019initiatives Tourisme &#038; Commerce de Courtomer T\u00e9l. : 02 33 28 58 93 Site : www.tourisme-courtomer.fr Horaires d&rsquo;ouverture : Lundi, mardi, jeudi : 14h \u00e0 17h Vendredi : 9h \u00e0 12h15 et de 14h \u00e0 16h Samedi : 14h \u00e0 16h Ferm\u00e9 le mercredi STE SCOLASSE [&hellip;]<\/p>","protected":false},"author":1,"featured_media":0,"parent":0,"menu_order":0,"comment_status":"closed","ping_status":"closed","template":"elementor_header_footer","meta":[],"categories":[],"tags":[],"_links":{"self":[{"href":"http:\/\/algornet.com\/es\/wp-json\/wp\/v2\/pages\/2221"}],"collection":[{"href":"http:\/\/algornet.com\/es\/wp-json\/wp\/v2\/pages"}],"about":[{"href":"http:\/\/algornet.com\/es\/wp-json\/wp\/v2\/types\/page"}],"author":[{"embeddable":true,"href":"http:\/\/algornet.com\/es\/wp-json\/wp\/v2\/users\/1"}],"replies":[{"embeddable":true,"href":"http:\/\/algornet.com\/es\/wp-json\/wp\/v2\/comments?post=2221"}],"version-history":[{"count":27,"href":"http:\/\/algornet.com\/es\/wp-json\/wp\/v2\/pages\/2221\/revisions"}],"predecessor-version":[{"id":11822,"href":"http:\/\/algornet.com\/es\/wp-json\/wp\/v2\/pages\/2221\/revisions\/11822"}],"wp:attachment":[{"href":"http:\/\/algornet.com\/es\/wp-json\/wp\/v2\/media?parent=2221"}],"wp:term":[{"taxonomy":"category","embeddable":true,"href":"http:\/\/algornet.com\/es\/wp-json\/wp\/v2\/categories?post=2221"},{"taxonomy":"post_tag","embeddable":true,"href":"http:\/\/algornet.com\/es\/wp-json\/wp\/v2\/tags?post=2221"}],"curies":[{"name":"wp","href":"https:\/\/api.w.org\/{rel}","templated":true}]}}