{"id":1830,"date":"2020-03-04T09:04:57","date_gmt":"2020-03-04T09:04:57","guid":{"rendered":"http:\/\/algornet.com\/?page_id=1830"},"modified":"2020-12-07T16:38:19","modified_gmt":"2020-12-07T15:38:19","slug":"actualites","status":"publish","type":"page","link":"http:\/\/algornet.com\/es\/actualites\/","title":{"rendered":"Actualit\u00e9s"},"content":{"rendered":"<div data-elementor-type=\"wp-page\" data-elementor-id=\"1830\" class=\"elementor elementor-1830\" data-elementor-settings=\"[]\">\n\t\t\t\t\t\t<div class=\"elementor-inner\">\n\t\t\t\t\t\t\t<div class=\"elementor-section-wrap\">\n\t\t\t\t\t\t\t<section data-particle_enable=\"false\" data-particle-mobile-disabled=\"false\" class=\"elementor-section elementor-top-section elementor-element elementor-element-3a16db7 elementor-section-boxed elementor-section-height-default elementor-section-height-default\" data-id=\"3a16db7\" data-element_type=\"section\" data-settings=\"{&quot;background_background&quot;:&quot;classic&quot;}\">\n\t\t\t\t\t\t<div class=\"elementor-container elementor-column-gap-default\">\n\t\t\t\t\t\t\t<div class=\"elementor-row\">\n\t\t\t\t\t<div class=\"elementor-column elementor-col-100 elementor-top-column elementor-element elementor-element-7399539\" data-id=\"7399539\" data-element_type=\"column\" data-settings=\"{&quot;background_background&quot;:&quot;classic&quot;}\">\n\t\t\t<div class=\"elementor-column-wrap elementor-element-populated\">\n\t\t\t\t\t\t\t<div class=\"elementor-widget-wrap\">\n\t\t\t\t\t\t<div class=\"elementor-element elementor-element-38d858e elementor-widget elementor-widget-heading\" data-id=\"38d858e\" data-element_type=\"widget\" data-widget_type=\"heading.default\">\n\t\t\t\t<div class=\"elementor-widget-container\">\n\t\t\t<h2 class=\"elementor-heading-title elementor-size-default\">Actualit\u00e9s<\/h2>\t\t<\/div>\n\t\t\t\t<\/div>\n\t\t\t\t<div class=\"elementor-element elementor-element-d994a26 elementor-grid-3 elementor-grid-tablet-2 elementor-grid-mobile-1 elementor-posts--thumbnail-top elementor-widget elementor-widget-posts\" data-id=\"d994a26\" data-element_type=\"widget\" data-settings=\"{&quot;pagination_type&quot;:&quot;numbers&quot;,&quot;classic_columns&quot;:&quot;3&quot;,&quot;classic_columns_tablet&quot;:&quot;2&quot;,&quot;classic_columns_mobile&quot;:&quot;1&quot;,&quot;classic_row_gap&quot;:{&quot;unit&quot;:&quot;px&quot;,&quot;size&quot;:35,&quot;sizes&quot;:[]}}\" data-widget_type=\"posts.classic\">\n\t\t\t\t<div class=\"elementor-widget-container\">\n\t\t\t\t\t<div class=\"elementor-posts-container elementor-posts elementor-posts--skin-classic elementor-grid\">\n\t\t\t\t<article class=\"elementor-post elementor-grid-item post-12624 actualits type-actualits status-publish has-post-thumbnail hentry\">\n\t\t\t\t<a class=\"elementor-post__thumbnail__link\" href=\"http:\/\/algornet.com\/es\/actualit\u00e9s\/france-renov-le-service-public-pour-mieux-renover-mon-habitat\/\" >\n\t\t\t<div class=\"elementor-post__thumbnail\"><img width=\"538\" height=\"105\" src=\"http:\/\/algornet.com\/wp-content\/uploads\/2022\/09\/france-renov.jpg\" class=\"attachment-full size-full\" alt=\"\" loading=\"lazy\" srcset=\"http:\/\/algornet.com\/wp-content\/uploads\/2022\/09\/france-renov.jpg 538w, http:\/\/algornet.com\/wp-content\/uploads\/2022\/09\/france-renov-300x59.jpg 300w, http:\/\/algornet.com\/wp-content\/uploads\/2022\/09\/france-renov-18x4.jpg 18w\" sizes=\"(max-width: 538px) 100vw, 538px\" \/><\/div>\n\t\t<\/a>\n\t\t\t\t<div class=\"elementor-post__text\">\n\t\t\t\t<h2 class=\"elementor-post__title\">\n\t\t\t<a href=\"http:\/\/algornet.com\/es\/actualit\u00e9s\/france-renov-le-service-public-pour-mieux-renover-mon-habitat\/\" >\n\t\t\t\tFrance R\u00e9nov\u2019, le service public pour mieux r\u00e9nover mon habitat\t\t\t<\/a>\n\t\t<\/h2>\n\t\t\t\t<div class=\"elementor-post__meta-data\">\n\t\t\t\t\t<span class=\"elementor-post-author\">\n\t\t\tStephanie CDC\t\t<\/span>\n\t\t\t\t<span class=\"elementor-post-date\">\n\t\t\tseptiembre 5, 2022\t\t<\/span>\n\t\t\t\t<\/div>\n\t\t\t\t\t<a class=\"elementor-post__read-more\" href=\"http:\/\/algornet.com\/es\/actualit\u00e9s\/france-renov-le-service-public-pour-mieux-renover-mon-habitat\/\" >\n\t\t\t\tLire la suite \u00bb\t\t\t<\/a>\n\t\t\t\t<\/div>\n\t\t\t\t<\/article>\n\t\t\t\t<article class=\"elementor-post elementor-grid-item post-12622 actualits type-actualits status-publish has-post-thumbnail hentry\">\n\t\t\t\t<a class=\"elementor-post__thumbnail__link\" href=\"http:\/\/algornet.com\/es\/actualit\u00e9s\/defi-famille-a-biodiversite-positive\/\" >\n\t\t\t<div class=\"elementor-post__thumbnail\"><img width=\"2560\" height=\"1446\" src=\"http:\/\/algornet.com\/wp-content\/uploads\/2022\/09\/abc-defi-famille-scaled.jpg\" class=\"attachment-full size-full\" alt=\"\" loading=\"lazy\" srcset=\"http:\/\/algornet.com\/wp-content\/uploads\/2022\/09\/abc-defi-famille-scaled.jpg 2560w, http:\/\/algornet.com\/wp-content\/uploads\/2022\/09\/abc-defi-famille-300x169.jpg 300w, http:\/\/algornet.com\/wp-content\/uploads\/2022\/09\/abc-defi-famille-1024x578.jpg 1024w, http:\/\/algornet.com\/wp-content\/uploads\/2022\/09\/abc-defi-famille-768x434.jpg 768w, http:\/\/algornet.com\/wp-content\/uploads\/2022\/09\/abc-defi-famille-1536x867.jpg 1536w, http:\/\/algornet.com\/wp-content\/uploads\/2022\/09\/abc-defi-famille-2048x1156.jpg 2048w, http:\/\/algornet.com\/wp-content\/uploads\/2022\/09\/abc-defi-famille-18x10.jpg 18w\" sizes=\"(max-width: 2560px) 100vw, 2560px\" \/><\/div>\n\t\t<\/a>\n\t\t\t\t<div class=\"elementor-post__text\">\n\t\t\t\t<h2 class=\"elementor-post__title\">\n\t\t\t<a href=\"http:\/\/algornet.com\/es\/actualit\u00e9s\/defi-famille-a-biodiversite-positive\/\" >\n\t\t\t\tD\u00e9fi-famille \u00e0 biodiversit\u00e9 positive\t\t\t<\/a>\n\t\t<\/h2>\n\t\t\t\t<div class=\"elementor-post__meta-data\">\n\t\t\t\t\t<span class=\"elementor-post-author\">\n\t\t\tStephanie CDC\t\t<\/span>\n\t\t\t\t<span class=\"elementor-post-date\">\n\t\t\tseptiembre 5, 2022\t\t<\/span>\n\t\t\t\t<\/div>\n\t\t\t\t\t<a class=\"elementor-post__read-more\" href=\"http:\/\/algornet.com\/es\/actualit\u00e9s\/defi-famille-a-biodiversite-positive\/\" >\n\t\t\t\tLire la suite \u00bb\t\t\t<\/a>\n\t\t\t\t<\/div>\n\t\t\t\t<\/article>\n\t\t\t\t<article class=\"elementor-post elementor-grid-item post-12598 actualits type-actualits status-publish has-post-thumbnail hentry\">\n\t\t\t\t<a class=\"elementor-post__thumbnail__link\" href=\"http:\/\/algornet.com\/es\/actualit\u00e9s\/forum-des-associations-2022\/\" >\n\t\t\t<div class=\"elementor-post__thumbnail\"><img width=\"1012\" height=\"1369\" src=\"http:\/\/algornet.com\/wp-content\/uploads\/2022\/09\/302280221_2320892701405924_8050452632433317956_n.jpg\" class=\"attachment-full size-full\" alt=\"\" loading=\"lazy\" srcset=\"http:\/\/algornet.com\/wp-content\/uploads\/2022\/09\/302280221_2320892701405924_8050452632433317956_n.jpg 1012w, http:\/\/algornet.com\/wp-content\/uploads\/2022\/09\/302280221_2320892701405924_8050452632433317956_n-222x300.jpg 222w, http:\/\/algornet.com\/wp-content\/uploads\/2022\/09\/302280221_2320892701405924_8050452632433317956_n-757x1024.jpg 757w, http:\/\/algornet.com\/wp-content\/uploads\/2022\/09\/302280221_2320892701405924_8050452632433317956_n-768x1039.jpg 768w, http:\/\/algornet.com\/wp-content\/uploads\/2022\/09\/302280221_2320892701405924_8050452632433317956_n-9x12.jpg 9w\" sizes=\"(max-width: 1012px) 100vw, 1012px\" \/><\/div>\n\t\t<\/a>\n\t\t\t\t<div class=\"elementor-post__text\">\n\t\t\t\t<h2 class=\"elementor-post__title\">\n\t\t\t<a href=\"http:\/\/algornet.com\/es\/actualit\u00e9s\/forum-des-associations-2022\/\" >\n\t\t\t\tFORUM DES ASSOCIATIONS 2022\t\t\t<\/a>\n\t\t<\/h2>\n\t\t\t\t<div class=\"elementor-post__meta-data\">\n\t\t\t\t\t<span class=\"elementor-post-author\">\n\t\t\tStephanie CDC\t\t<\/span>\n\t\t\t\t<span class=\"elementor-post-date\">\n\t\t\tseptiembre 5, 2022\t\t<\/span>\n\t\t\t\t<\/div>\n\t\t\t\t\t<a class=\"elementor-post__read-more\" href=\"http:\/\/algornet.com\/es\/actualit\u00e9s\/forum-des-associations-2022\/\" >\n\t\t\t\tLire la suite \u00bb\t\t\t<\/a>\n\t\t\t\t<\/div>\n\t\t\t\t<\/article>\n\t\t\t\t<article class=\"elementor-post elementor-grid-item post-12529 actualits type-actualits status-publish has-post-thumbnail hentry\">\n\t\t\t\t<a class=\"elementor-post__thumbnail__link\" href=\"http:\/\/algornet.com\/es\/actualit\u00e9s\/votre-avis-compte\/\" >\n\t\t\t<div class=\"elementor-post__thumbnail\"><img width=\"1130\" height=\"1611\" src=\"http:\/\/algornet.com\/wp-content\/uploads\/2022\/08\/Enquete-socio-vhs-V3-1.jpg\" class=\"attachment-full size-full\" alt=\"\" loading=\"lazy\" srcset=\"http:\/\/algornet.com\/wp-content\/uploads\/2022\/08\/Enquete-socio-vhs-V3-1.jpg 1130w, http:\/\/algornet.com\/wp-content\/uploads\/2022\/08\/Enquete-socio-vhs-V3-1-210x300.jpg 210w, http:\/\/algornet.com\/wp-content\/uploads\/2022\/08\/Enquete-socio-vhs-V3-1-718x1024.jpg 718w, http:\/\/algornet.com\/wp-content\/uploads\/2022\/08\/Enquete-socio-vhs-V3-1-768x1095.jpg 768w, http:\/\/algornet.com\/wp-content\/uploads\/2022\/08\/Enquete-socio-vhs-V3-1-1077x1536.jpg 1077w, http:\/\/algornet.com\/wp-content\/uploads\/2022\/08\/Enquete-socio-vhs-V3-1-8x12.jpg 8w\" sizes=\"(max-width: 1130px) 100vw, 1130px\" \/><\/div>\n\t\t<\/a>\n\t\t\t\t<div class=\"elementor-post__text\">\n\t\t\t\t<h2 class=\"elementor-post__title\">\n\t\t\t<a href=\"http:\/\/algornet.com\/es\/actualit\u00e9s\/votre-avis-compte\/\" >\n\t\t\t\tVotre avis compte !\t\t\t<\/a>\n\t\t<\/h2>\n\t\t\t\t<div class=\"elementor-post__meta-data\">\n\t\t\t\t\t<span class=\"elementor-post-author\">\n\t\t\tStephanie CDC\t\t<\/span>\n\t\t\t\t<span class=\"elementor-post-date\">\n\t\t\tagosto 23, 2022\t\t<\/span>\n\t\t\t\t<\/div>\n\t\t\t\t\t<a class=\"elementor-post__read-more\" href=\"http:\/\/algornet.com\/es\/actualit\u00e9s\/votre-avis-compte\/\" >\n\t\t\t\tLire la suite \u00bb\t\t\t<\/a>\n\t\t\t\t<\/div>\n\t\t\t\t<\/article>\n\t\t\t\t<article class=\"elementor-post elementor-grid-item post-12386 actualits type-actualits status-publish has-post-thumbnail hentry\">\n\t\t\t\t<a class=\"elementor-post__thumbnail__link\" href=\"http:\/\/algornet.com\/es\/actualit\u00e9s\/operation-programmee-damelioration-de-lhabitat-opah-de-la-communaute-de-communes-de-la-vallee-de-la-haute-sarthe\/\" >\n\t\t\t<div class=\"elementor-post__thumbnail\"><img width=\"2560\" height=\"2560\" src=\"http:\/\/algornet.com\/wp-content\/uploads\/2022\/07\/PAC-et-chauffe-eau-scaled.jpg\" class=\"attachment-full size-full\" alt=\"\" loading=\"lazy\" srcset=\"http:\/\/algornet.com\/wp-content\/uploads\/2022\/07\/PAC-et-chauffe-eau-scaled.jpg 2560w, http:\/\/algornet.com\/wp-content\/uploads\/2022\/07\/PAC-et-chauffe-eau-300x300.jpg 300w, http:\/\/algornet.com\/wp-content\/uploads\/2022\/07\/PAC-et-chauffe-eau-1024x1024.jpg 1024w, http:\/\/algornet.com\/wp-content\/uploads\/2022\/07\/PAC-et-chauffe-eau-150x150.jpg 150w, http:\/\/algornet.com\/wp-content\/uploads\/2022\/07\/PAC-et-chauffe-eau-768x768.jpg 768w, http:\/\/algornet.com\/wp-content\/uploads\/2022\/07\/PAC-et-chauffe-eau-1536x1536.jpg 1536w, http:\/\/algornet.com\/wp-content\/uploads\/2022\/07\/PAC-et-chauffe-eau-2048x2048.jpg 2048w, http:\/\/algornet.com\/wp-content\/uploads\/2022\/07\/PAC-et-chauffe-eau-12x12.jpg 12w\" sizes=\"(max-width: 2560px) 100vw, 2560px\" \/><\/div>\n\t\t<\/a>\n\t\t\t\t<div class=\"elementor-post__text\">\n\t\t\t\t<h2 class=\"elementor-post__title\">\n\t\t\t<a href=\"http:\/\/algornet.com\/es\/actualit\u00e9s\/operation-programmee-damelioration-de-lhabitat-opah-de-la-communaute-de-communes-de-la-vallee-de-la-haute-sarthe\/\" >\n\t\t\t\tOp\u00e9ration Programm\u00e9e d\u2019Am\u00e9lioration de l\u2019Habitat (OPAH) de la Communaut\u00e9 de Communes de la Vall\u00e9e de la Haute Sarthe\t\t\t<\/a>\n\t\t<\/h2>\n\t\t\t\t<div class=\"elementor-post__meta-data\">\n\t\t\t\t\t<span class=\"elementor-post-author\">\n\t\t\tStephanie CDC\t\t<\/span>\n\t\t\t\t<span class=\"elementor-post-date\">\n\t\t\tjulio 19, 2022\t\t<\/span>\n\t\t\t\t<\/div>\n\t\t\t\t\t<a class=\"elementor-post__read-more\" href=\"http:\/\/algornet.com\/es\/actualit\u00e9s\/operation-programmee-damelioration-de-lhabitat-opah-de-la-communaute-de-communes-de-la-vallee-de-la-haute-sarthe\/\" >\n\t\t\t\tLire la suite \u00bb\t\t\t<\/a>\n\t\t\t\t<\/div>\n\t\t\t\t<\/article>\n\t\t\t\t<article class=\"elementor-post elementor-grid-item post-12374 actualits type-actualits status-publish has-post-thumbnail hentry\">\n\t\t\t\t<a class=\"elementor-post__thumbnail__link\" href=\"http:\/\/algornet.com\/es\/actualit\u00e9s\/atlas-de-la-biodiversite-du-parc-naturel-regional-et-geoparc-normandie-maine\/\" >\n\t\t\t<div class=\"elementor-post__thumbnail\"><img width=\"585\" height=\"387\" src=\"http:\/\/algornet.com\/wp-content\/uploads\/2022\/07\/0vfWwroO8NfrUtDA.png\" class=\"attachment-full size-full\" alt=\"\" loading=\"lazy\" srcset=\"http:\/\/algornet.com\/wp-content\/uploads\/2022\/07\/0vfWwroO8NfrUtDA.png 585w, http:\/\/algornet.com\/wp-content\/uploads\/2022\/07\/0vfWwroO8NfrUtDA-300x198.png 300w, http:\/\/algornet.com\/wp-content\/uploads\/2022\/07\/0vfWwroO8NfrUtDA-18x12.png 18w\" sizes=\"(max-width: 585px) 100vw, 585px\" \/><\/div>\n\t\t<\/a>\n\t\t\t\t<div class=\"elementor-post__text\">\n\t\t\t\t<h2 class=\"elementor-post__title\">\n\t\t\t<a href=\"http:\/\/algornet.com\/es\/actualit\u00e9s\/atlas-de-la-biodiversite-du-parc-naturel-regional-et-geoparc-normandie-maine\/\" >\n\t\t\t\tAtlas de la Biodiversit\u00e9 du Parc naturel r\u00e9gional et G\u00e9oparc Normandie-Maine\t\t\t<\/a>\n\t\t<\/h2>\n\t\t\t\t<div class=\"elementor-post__meta-data\">\n\t\t\t\t\t<span class=\"elementor-post-author\">\n\t\t\tStephanie CDC\t\t<\/span>\n\t\t\t\t<span class=\"elementor-post-date\">\n\t\t\tjulio 18, 2022\t\t<\/span>\n\t\t\t\t<\/div>\n\t\t\t\t\t<a class=\"elementor-post__read-more\" href=\"http:\/\/algornet.com\/es\/actualit\u00e9s\/atlas-de-la-biodiversite-du-parc-naturel-regional-et-geoparc-normandie-maine\/\" >\n\t\t\t\tLire la suite \u00bb\t\t\t<\/a>\n\t\t\t\t<\/div>\n\t\t\t\t<\/article>\n\t\t\t\t<article class=\"elementor-post elementor-grid-item post-12377 actualits type-actualits status-publish has-post-thumbnail hentry\">\n\t\t\t\t<a class=\"elementor-post__thumbnail__link\" href=\"http:\/\/algornet.com\/es\/actualit\u00e9s\/inscriptions-periscolaires-cantine-garderie\/\" >\n\t\t\t<div class=\"elementor-post__thumbnail\"><img width=\"1021\" height=\"266\" src=\"http:\/\/algornet.com\/wp-content\/uploads\/2019\/11\/restauration-scolaire.jpg\" class=\"attachment-full size-full\" alt=\"\" loading=\"lazy\" srcset=\"http:\/\/algornet.com\/wp-content\/uploads\/2019\/11\/restauration-scolaire.jpg 1021w, http:\/\/algornet.com\/wp-content\/uploads\/2019\/11\/restauration-scolaire-300x78.jpg 300w, http:\/\/algornet.com\/wp-content\/uploads\/2019\/11\/restauration-scolaire-1024x267.jpg 1024w, http:\/\/algornet.com\/wp-content\/uploads\/2019\/11\/restauration-scolaire-768x200.jpg 768w, http:\/\/algornet.com\/wp-content\/uploads\/2019\/11\/restauration-scolaire-1536x400.jpg 1536w\" sizes=\"(max-width: 1021px) 100vw, 1021px\" \/><\/div>\n\t\t<\/a>\n\t\t\t\t<div class=\"elementor-post__text\">\n\t\t\t\t<h2 class=\"elementor-post__title\">\n\t\t\t<a href=\"http:\/\/algornet.com\/es\/actualit\u00e9s\/inscriptions-periscolaires-cantine-garderie\/\" >\n\t\t\t\tInscriptions p\u00e9riscolaires (cantine\/garderie)\t\t\t<\/a>\n\t\t<\/h2>\n\t\t\t\t<div class=\"elementor-post__meta-data\">\n\t\t\t\t\t<span class=\"elementor-post-author\">\n\t\t\tStephanie CDC\t\t<\/span>\n\t\t\t\t<span class=\"elementor-post-date\">\n\t\t\tjunio 19, 2022\t\t<\/span>\n\t\t\t\t<\/div>\n\t\t\t\t\t<a class=\"elementor-post__read-more\" href=\"http:\/\/algornet.com\/es\/actualit\u00e9s\/inscriptions-periscolaires-cantine-garderie\/\" >\n\t\t\t\tLire la suite \u00bb\t\t\t<\/a>\n\t\t\t\t<\/div>\n\t\t\t\t<\/article>\n\t\t\t\t<article class=\"elementor-post elementor-grid-item post-11651 actualits type-actualits status-publish has-post-thumbnail hentry\">\n\t\t\t\t<a class=\"elementor-post__thumbnail__link\" href=\"http:\/\/algornet.com\/es\/actualit\u00e9s\/retour-sur-les-evenements-doctobre-de-labc-de-la-vallee-de-la-haute-sarthe\/\" >\n\t\t\t<div class=\"elementor-post__thumbnail\"><img width=\"605\" height=\"856\" src=\"http:\/\/algornet.com\/wp-content\/uploads\/2021\/11\/ABC-juin.jpg\" class=\"attachment-full size-full\" alt=\"\" loading=\"lazy\" srcset=\"http:\/\/algornet.com\/wp-content\/uploads\/2021\/11\/ABC-juin.jpg 605w, http:\/\/algornet.com\/wp-content\/uploads\/2021\/11\/ABC-juin-212x300.jpg 212w, http:\/\/algornet.com\/wp-content\/uploads\/2021\/11\/ABC-juin-8x12.jpg 8w\" sizes=\"(max-width: 605px) 100vw, 605px\" \/><\/div>\n\t\t<\/a>\n\t\t\t\t<div class=\"elementor-post__text\">\n\t\t\t\t<h2 class=\"elementor-post__title\">\n\t\t\t<a href=\"http:\/\/algornet.com\/es\/actualit\u00e9s\/retour-sur-les-evenements-doctobre-de-labc-de-la-vallee-de-la-haute-sarthe\/\" >\n\t\t\t\t\u00c9v\u00e9nements de juin : l&rsquo;ABC de la Vall\u00e9e de la Haute Sarthe\t\t\t<\/a>\n\t\t<\/h2>\n\t\t\t\t<div class=\"elementor-post__meta-data\">\n\t\t\t\t\t<span class=\"elementor-post-author\">\n\t\t\tStephanie CDC\t\t<\/span>\n\t\t\t\t<span class=\"elementor-post-date\">\n\t\t\tmayo 31, 2022\t\t<\/span>\n\t\t\t\t<\/div>\n\t\t\t\t\t<a class=\"elementor-post__read-more\" href=\"http:\/\/algornet.com\/es\/actualit\u00e9s\/retour-sur-les-evenements-doctobre-de-labc-de-la-vallee-de-la-haute-sarthe\/\" >\n\t\t\t\tLire la suite \u00bb\t\t\t<\/a>\n\t\t\t\t<\/div>\n\t\t\t\t<\/article>\n\t\t\t\t<article class=\"elementor-post elementor-grid-item post-12305 actualits type-actualits status-publish has-post-thumbnail hentry\">\n\t\t\t\t<a class=\"elementor-post__thumbnail__link\" href=\"http:\/\/algornet.com\/es\/actualit\u00e9s\/collecte-mobilier-familles-ukrainiennes\/\" >\n\t\t\t<div class=\"elementor-post__thumbnail\"><img width=\"720\" height=\"540\" src=\"http:\/\/algornet.com\/wp-content\/uploads\/2022\/05\/Sans-titre-2.jpg\" class=\"attachment-full size-full\" alt=\"\" loading=\"lazy\" srcset=\"http:\/\/algornet.com\/wp-content\/uploads\/2022\/05\/Sans-titre-2.jpg 720w, http:\/\/algornet.com\/wp-content\/uploads\/2022\/05\/Sans-titre-2-300x225.jpg 300w, http:\/\/algornet.com\/wp-content\/uploads\/2022\/05\/Sans-titre-2-16x12.jpg 16w\" sizes=\"(max-width: 720px) 100vw, 720px\" \/><\/div>\n\t\t<\/a>\n\t\t\t\t<div class=\"elementor-post__text\">\n\t\t\t\t<h2 class=\"elementor-post__title\">\n\t\t\t<a href=\"http:\/\/algornet.com\/es\/actualit\u00e9s\/collecte-mobilier-familles-ukrainiennes\/\" >\n\t\t\t\tCOLLECTE MOBILIER FAMILLES UKRAINIENNES\t\t\t<\/a>\n\t\t<\/h2>\n\t\t\t\t<div class=\"elementor-post__meta-data\">\n\t\t\t\t\t<span class=\"elementor-post-author\">\n\t\t\tStephanie CDC\t\t<\/span>\n\t\t\t\t<span class=\"elementor-post-date\">\n\t\t\tmayo 24, 2022\t\t<\/span>\n\t\t\t\t<\/div>\n\t\t\t\t\t<a class=\"elementor-post__read-more\" href=\"http:\/\/algornet.com\/es\/actualit\u00e9s\/collecte-mobilier-familles-ukrainiennes\/\" >\n\t\t\t\tLire la suite \u00bb\t\t\t<\/a>\n\t\t\t\t<\/div>\n\t\t\t\t<\/article>\n\t\t\t\t<\/div>\n\n\n\t\t\n\t\t\t\t<div class=\"e-load-more-anchor\" data-page=\"1\" data-max-page=\"11\"><\/div>\n\t\t\t\t<nav class=\"elementor-pagination\" role=\"navigation\" aria-label=\"Paginaci\u00f3n\">\n\t\t\t<span aria-current=\"page\" class=\"page-numbers current\"><span class=\"elementor-screen-only\">P\u00e1gina<\/span>1<\/span>\n<a class=\"page-numbers\" href=\"http:\/\/algornet.com\/es\/wp-json\/wp\/v2\/pages\/1830\/page\/2\/\"><span class=\"elementor-screen-only\">P\u00e1gina<\/span>2<\/a>\n<a class=\"page-numbers\" href=\"http:\/\/algornet.com\/es\/wp-json\/wp\/v2\/pages\/1830\/page\/3\/\"><span class=\"elementor-screen-only\">P\u00e1gina<\/span>3<\/a>\n<span class=\"page-numbers dots\">&hellip;<\/span>\n<a class=\"page-numbers\" href=\"http:\/\/algornet.com\/es\/wp-json\/wp\/v2\/pages\/1830\/page\/5\/\"><span class=\"elementor-screen-only\">P\u00e1gina<\/span>5<\/a>\t\t<\/nav>\n\t\t\t\t<\/div>\n\t\t\t\t<\/div>\n\t\t\t\t\t\t<\/div>\n\t\t\t\t\t<\/div>\n\t\t<\/div>\n\t\t\t\t\t\t\t\t<\/div>\n\t\t\t\t\t<\/div>\n\t\t<\/section>\n\t\t\t\t\t\t<\/div>\n\t\t\t\t\t\t<\/div>\n\t\t\t\t\t<\/div>","protected":false},"excerpt":{"rendered":"<p>Actualit\u00e9s<\/p>","protected":false},"author":1,"featured_media":0,"parent":0,"menu_order":0,"comment_status":"closed","ping_status":"closed","template":"elementor_header_footer","meta":[],"categories":[],"tags":[],"_links":{"self":[{"href":"http:\/\/algornet.com\/es\/wp-json\/wp\/v2\/pages\/1830"}],"collection":[{"href":"http:\/\/algornet.com\/es\/wp-json\/wp\/v2\/pages"}],"about":[{"href":"http:\/\/algornet.com\/es\/wp-json\/wp\/v2\/types\/page"}],"author":[{"embeddable":true,"href":"http:\/\/algornet.com\/es\/wp-json\/wp\/v2\/users\/1"}],"replies":[{"embeddable":true,"href":"http:\/\/algornet.com\/es\/wp-json\/wp\/v2\/comments?post=1830"}],"version-history":[{"count":0,"href":"http:\/\/algornet.com\/es\/wp-json\/wp\/v2\/pages\/1830\/revisions"}],"wp:attachment":[{"href":"http:\/\/algornet.com\/es\/wp-json\/wp\/v2\/media?parent=1830"}],"wp:term":[{"taxonomy":"category","embeddable":true,"href":"http:\/\/algornet.com\/es\/wp-json\/wp\/v2\/categories?post=1830"},{"taxonomy":"post_tag","embeddable":true,"href":"http:\/\/algornet.com\/es\/wp-json\/wp\/v2\/tags?post=1830"}],"curies":[{"name":"wp","href":"https:\/\/api.w.org\/{rel}","templated":true}]}}