{"id":7173,"date":"2020-10-19T15:34:49","date_gmt":"2020-10-19T13:34:49","guid":{"rendered":"http:\/\/algornet.com\/?page_id=7173"},"modified":"2020-10-19T15:56:37","modified_gmt":"2020-10-19T13:56:37","slug":"hebergement-pour-seniors","status":"publish","type":"page","link":"http:\/\/algornet.com\/en\/hebergement-pour-seniors\/","title":{"rendered":"H\u00e9bergement pour s\u00e9niors"},"content":{"rendered":"<div data-elementor-type=\"wp-page\" data-elementor-id=\"7173\" class=\"elementor elementor-7173\" data-elementor-settings=\"[]\">\n\t\t\t\t\t\t<div class=\"elementor-inner\">\n\t\t\t\t\t\t\t<div class=\"elementor-section-wrap\">\n\t\t\t\t\t\t\t<section data-particle_enable=\"false\" data-particle-mobile-disabled=\"false\" class=\"elementor-section elementor-top-section elementor-element elementor-element-4be8a3f elementor-section-boxed elementor-section-height-default elementor-section-height-default\" data-id=\"4be8a3f\" data-element_type=\"section\" data-settings=\"{&quot;background_background&quot;:&quot;classic&quot;}\">\n\t\t\t\t\t\t<div class=\"elementor-container elementor-column-gap-default\">\n\t\t\t\t\t\t\t<div class=\"elementor-row\">\n\t\t\t\t\t<div class=\"elementor-column elementor-col-100 elementor-top-column elementor-element elementor-element-616d318\" data-id=\"616d318\" data-element_type=\"column\" data-settings=\"{&quot;background_background&quot;:&quot;classic&quot;}\">\n\t\t\t<div class=\"elementor-column-wrap elementor-element-populated\">\n\t\t\t\t\t\t\t<div class=\"elementor-widget-wrap\">\n\t\t\t\t\t\t<div class=\"elementor-element elementor-element-613e6c9 elementor-widget elementor-widget-heading\" data-id=\"613e6c9\" data-element_type=\"widget\" data-widget_type=\"heading.default\">\n\t\t\t\t<div class=\"elementor-widget-container\">\n\t\t\t<h2 class=\"elementor-heading-title elementor-size-default\">H\u00e9bergement pour s\u00e9niors<\/h2>\t\t<\/div>\n\t\t\t\t<\/div>\n\t\t\t\t<section data-particle_enable=\"false\" data-particle-mobile-disabled=\"false\" class=\"elementor-section elementor-inner-section elementor-element elementor-element-3780506 elementor-section-height-min-height elementor-section-boxed elementor-section-height-default\" data-id=\"3780506\" data-element_type=\"section\">\n\t\t\t\t\t\t<div class=\"elementor-container elementor-column-gap-default\">\n\t\t\t\t\t\t\t<div class=\"elementor-row\">\n\t\t\t\t\t<div class=\"elementor-column elementor-col-50 elementor-inner-column elementor-element elementor-element-be9951d\" data-id=\"be9951d\" data-element_type=\"column\">\n\t\t\t<div class=\"elementor-column-wrap elementor-element-populated\">\n\t\t\t\t\t\t\t<div class=\"elementor-widget-wrap\">\n\t\t\t\t\t\t<div class=\"elementor-element elementor-element-304b7be elementor-flip-box--direction-right elementor-flip-box--3d agency elementor-flip-box--effect-flip elementor-widget elementor-widget-flip-box\" data-id=\"304b7be\" data-element_type=\"widget\" data-widget_type=\"flip-box.default\">\n\t\t\t\t<div class=\"elementor-widget-container\">\n\t\t\t\t\t<div class=\"elementor-flip-box\">\n\t\t\t<div class=\"elementor-flip-box__layer elementor-flip-box__front\">\n\t\t\t\t<div class=\"elementor-flip-box__layer__overlay\">\n\t\t\t\t\t<div class=\"elementor-flip-box__layer__inner\">\n\t\t\t\t\t\t\t\t\t\t\t\t\t<div class=\"elementor-flip-box__image\">\n\t\t\t\t\t\t\t\t<img width=\"1077\" height=\"710\" src=\"http:\/\/algornet.com\/wp-content\/uploads\/2020\/10\/epahd.jpg\" class=\"attachment-full size-full\" alt=\"\" loading=\"lazy\" srcset=\"http:\/\/algornet.com\/wp-content\/uploads\/2020\/10\/epahd.jpg 1077w, http:\/\/algornet.com\/wp-content\/uploads\/2020\/10\/epahd-300x198.jpg 300w, http:\/\/algornet.com\/wp-content\/uploads\/2020\/10\/epahd-1024x675.jpg 1024w, http:\/\/algornet.com\/wp-content\/uploads\/2020\/10\/epahd-768x506.jpg 768w\" sizes=\"(max-width: 1077px) 100vw, 1077px\" \/>\t\t\t\t\t\t\t<\/div>\n\t\t\t\t\t\t\n\t\t\t\t\t\t\t\t\t\t\t\t\t<h3 class=\"elementor-flip-box__layer__title\">\n\t\t\t\t\t\t\t\t<p class=\"title_flip_left\">COULONGES SUR SARTHE<\/p>\t\t\t\t\t\t\t<\/h3>\n\t\t\t\t\t\t\n\t\t\t\t\t\t\t\t\t\t\t\t\t<div class=\"elementor-flip-box__layer__description\">\n\t\t\t\t\t\t\t\t<div class=\"text_body_flip_left\">\n<h4><strong>EPAHD La R\u00e9sidence Fleurie <\/strong><\/h1>\n\n\u00c9tablissement d\u2019h\u00e9bergement pour personnes ag\u00e9es d\u00e9pendantes,. Un cadre de vie calme, avec vue sur le lac et des appartements de plain-pied avec jardinet, Divers services sur place et activit\u00e9s vari\u00e9es.\n\n<\/div>\t\t\t\t\t\t\t<\/div>\n\t\t\t\t\t\t\t\t\t\t\t<\/div>\n\t\t\t\t<\/div>\n\t\t\t<\/div>\n\t\t\t<div class=\"elementor-flip-box__layer elementor-flip-box__back\">\n\t\t\t<div class=\"elementor-flip-box__layer__overlay\">\n\t\t\t\t<div class=\"elementor-flip-box__layer__inner\">\n\t\t\t\t\t\n\t\t\t\t\t\t\t\t\t\t\t<div class=\"elementor-flip-box__layer__description\">\n\t\t\t\t\t\t\t<strong> Contact : <\/strong><br><br>\n\t<i class=\"fas fa-phone-alt\"><\/i><strong> Service d'accueil : <\/strong> 02 33 27 61 92<br>\n\t<i class=\"fas fa-envelope-open-text\"><\/i> residencefleurie@wanadoo.fr<br>\n\t<i class=\"fas fa-thumbs-up\"><\/i> @laresidencefleurie<br>\t\t\t\t\t\t<\/div>\n\t\t\t\t\t\n\t\t\t\t\t\t\t\t<\/div>\n\t\t<\/div>\n\t\t<\/div>\n\t\t<\/div>\n\t\t\t\t<\/div>\n\t\t\t\t<\/div>\n\t\t\t\t\t\t<\/div>\n\t\t\t\t\t<\/div>\n\t\t<\/div>\n\t\t\t\t<div class=\"elementor-column elementor-col-50 elementor-inner-column elementor-element elementor-element-c361acc\" data-id=\"c361acc\" data-element_type=\"column\">\n\t\t\t<div class=\"elementor-column-wrap elementor-element-populated\">\n\t\t\t\t\t\t\t<div class=\"elementor-widget-wrap\">\n\t\t\t\t\t\t<div class=\"elementor-element elementor-element-6f913be elementor-flip-box--direction-right elementor-flip-box--3d agency elementor-flip-box--effect-flip elementor-widget elementor-widget-flip-box\" data-id=\"6f913be\" data-element_type=\"widget\" data-widget_type=\"flip-box.default\">\n\t\t\t\t<div class=\"elementor-widget-container\">\n\t\t\t\t\t<div class=\"elementor-flip-box\">\n\t\t\t<div class=\"elementor-flip-box__layer elementor-flip-box__front\">\n\t\t\t\t<div class=\"elementor-flip-box__layer__overlay\">\n\t\t\t\t\t<div class=\"elementor-flip-box__layer__inner\">\n\t\t\t\t\t\t\t\t\t\t\t\t\t<div class=\"elementor-flip-box__image\">\n\t\t\t\t\t\t\t\t<img width=\"890\" height=\"592\" src=\"http:\/\/algornet.com\/wp-content\/uploads\/2020\/10\/les-perinettes.jpg\" class=\"attachment-full size-full\" alt=\"\" loading=\"lazy\" srcset=\"http:\/\/algornet.com\/wp-content\/uploads\/2020\/10\/les-perinettes.jpg 890w, http:\/\/algornet.com\/wp-content\/uploads\/2020\/10\/les-perinettes-300x200.jpg 300w, http:\/\/algornet.com\/wp-content\/uploads\/2020\/10\/les-perinettes-768x511.jpg 768w\" sizes=\"(max-width: 890px) 100vw, 890px\" \/>\t\t\t\t\t\t\t<\/div>\n\t\t\t\t\t\t\n\t\t\t\t\t\t\t\t\t\t\t\t\t<h3 class=\"elementor-flip-box__layer__title\">\n\t\t\t\t\t\t\t\t<p class=\"title_flip_left\">SAINTE SCOLASSE SUR SARTHE<\/p>\t\t\t\t\t\t\t<\/h3>\n\t\t\t\t\t\t\n\t\t\t\t\t\t\t\t\t\t\t\t\t<div class=\"elementor-flip-box__layer__description\">\n\t\t\t\t\t\t\t\t<div class=\"text_body_flip_left\">\n<h4><strong>Foyer logement les P\u00e9rinettes\n <\/strong><\/h1>\n\nLa R\u00e9sidence des P\u00e9rinettes est un foyer         logement accueillant les personnes, hommes et femmes, de plus de 60 ans, seules ou en couple. Valides ou l\u00e9g\u00e8rement handicap\u00e9es, elles doivent \u00eatre suffisamment autonomes, pour accomplir les principaux actes de la vie courante. \n\n<\/div>\t\t\t\t\t\t\t<\/div>\n\t\t\t\t\t\t\t\t\t\t\t<\/div>\n\t\t\t\t<\/div>\n\t\t\t<\/div>\n\t\t\t<div class=\"elementor-flip-box__layer elementor-flip-box__back\">\n\t\t\t<div class=\"elementor-flip-box__layer__overlay\">\n\t\t\t\t<div class=\"elementor-flip-box__layer__inner\">\n\t\t\t\t\t\n\t\t\t\t\t\t\t\t\t\t\t<div class=\"elementor-flip-box__layer__description\">\n\t\t\t\t\t\t\t\n\t<strong> Contact : <\/strong><br><br>\n\t<i class=\"fas fa-phone-alt\"><\/i><strong> Service d'accueil : <\/strong> 02 33 27 46 59<br>\n\t<i class=\"fas fa-envelope-open-text\"><\/i> ccas.saintescolasse@orange.fr\n<br><br>\n\t<i class=\"fas fa-phone-alt\"><\/i><strong> \u00c0 la mairie : <\/strong> 02 33 28 53 76<br>\n\t<i class=\"fas fa-envelope-open-text\"><\/i> mairie-saintescolasse@wanadoo.fr\t\t\t\t\t\t<\/div>\n\t\t\t\t\t\n\t\t\t\t\t\t\t\t<\/div>\n\t\t<\/div>\n\t\t<\/div>\n\t\t<\/div>\n\t\t\t\t<\/div>\n\t\t\t\t<\/div>\n\t\t\t\t\t\t<\/div>\n\t\t\t\t\t<\/div>\n\t\t<\/div>\n\t\t\t\t\t\t\t\t<\/div>\n\t\t\t\t\t<\/div>\n\t\t<\/section>\n\t\t\t\t\t\t<\/div>\n\t\t\t\t\t<\/div>\n\t\t<\/div>\n\t\t\t\t\t\t\t\t<\/div>\n\t\t\t\t\t<\/div>\n\t\t<\/section>\n\t\t\t\t\t\t<\/div>\n\t\t\t\t\t\t<\/div>\n\t\t\t\t\t<\/div>","protected":false},"excerpt":{"rendered":"<p>H\u00e9bergement pour s\u00e9niors COULONGES SUR SARTHE EPAHD La R\u00e9sidence Fleurie \u00c9tablissement d\u2019h\u00e9bergement pour personnes ag\u00e9es d\u00e9pendantes,. Un cadre de vie calme, avec vue sur le lac et des appartements de plain-pied avec jardinet, Divers services sur place et activit\u00e9s vari\u00e9es. Contact : Service d&rsquo;accueil : 02 33 27 61 92 residencefleurie@wanadoo.fr @laresidencefleurie SAINTE SCOLASSE SUR [&hellip;]<\/p>","protected":false},"author":1,"featured_media":0,"parent":0,"menu_order":0,"comment_status":"closed","ping_status":"closed","template":"elementor_header_footer","meta":[],"categories":[],"tags":[],"_links":{"self":[{"href":"http:\/\/algornet.com\/en\/wp-json\/wp\/v2\/pages\/7173"}],"collection":[{"href":"http:\/\/algornet.com\/en\/wp-json\/wp\/v2\/pages"}],"about":[{"href":"http:\/\/algornet.com\/en\/wp-json\/wp\/v2\/types\/page"}],"author":[{"embeddable":true,"href":"http:\/\/algornet.com\/en\/wp-json\/wp\/v2\/users\/1"}],"replies":[{"embeddable":true,"href":"http:\/\/algornet.com\/en\/wp-json\/wp\/v2\/comments?post=7173"}],"version-history":[{"count":0,"href":"http:\/\/algornet.com\/en\/wp-json\/wp\/v2\/pages\/7173\/revisions"}],"wp:attachment":[{"href":"http:\/\/algornet.com\/en\/wp-json\/wp\/v2\/media?parent=7173"}],"wp:term":[{"taxonomy":"category","embeddable":true,"href":"http:\/\/algornet.com\/en\/wp-json\/wp\/v2\/categories?post=7173"},{"taxonomy":"post_tag","embeddable":true,"href":"http:\/\/algornet.com\/en\/wp-json\/wp\/v2\/tags?post=7173"}],"curies":[{"name":"wp","href":"https:\/\/api.w.org\/{rel}","templated":true}]}}