{"id":3926,"date":"2020-05-11T14:08:53","date_gmt":"2020-05-11T13:08:53","guid":{"rendered":"http:\/\/algornet.com\/?page_id=3926"},"modified":"2021-12-06T16:54:50","modified_gmt":"2021-12-06T15:54:50","slug":"lotissements","status":"publish","type":"page","link":"http:\/\/algornet.com\/en\/lotissements\/","title":{"rendered":"Housing Estates"},"content":{"rendered":"<div data-elementor-type=\"wp-page\" data-elementor-id=\"3926\" class=\"elementor elementor-3926\" data-elementor-settings=\"[]\">\n\t\t\t\t\t\t<div class=\"elementor-inner\">\n\t\t\t\t\t\t\t<div class=\"elementor-section-wrap\">\n\t\t\t\t\t\t\t<section data-particle_enable=\"false\" data-particle-mobile-disabled=\"false\" class=\"elementor-section elementor-top-section elementor-element elementor-element-5dbc517 elementor-section-boxed elementor-section-height-default elementor-section-height-default\" data-id=\"5dbc517\" data-element_type=\"section\" data-settings=\"{&quot;background_background&quot;:&quot;classic&quot;}\">\n\t\t\t\t\t\t<div class=\"elementor-container elementor-column-gap-default\">\n\t\t\t\t\t\t\t<div class=\"elementor-row\">\n\t\t\t\t\t<div class=\"elementor-column elementor-col-100 elementor-top-column elementor-element elementor-element-a264b97\" data-id=\"a264b97\" data-element_type=\"column\" data-settings=\"{&quot;background_background&quot;:&quot;classic&quot;}\">\n\t\t\t<div class=\"elementor-column-wrap elementor-element-populated\">\n\t\t\t\t\t\t\t<div class=\"elementor-widget-wrap\">\n\t\t\t\t\t\t<div class=\"elementor-element elementor-element-70ed44e elementor-widget elementor-widget-heading\" data-id=\"70ed44e\" data-element_type=\"widget\" data-widget_type=\"heading.default\">\n\t\t\t\t<div class=\"elementor-widget-container\">\n\t\t\t<h2 class=\"elementor-heading-title elementor-size-default\">Housing Estates<\/h2>\t\t<\/div>\n\t\t\t\t<\/div>\n\t\t\t\t<section data-particle_enable=\"false\" data-particle-mobile-disabled=\"false\" class=\"elementor-section elementor-inner-section elementor-element elementor-element-8eef9ec elementor-section-height-min-height elementor-section-boxed elementor-section-height-default\" data-id=\"8eef9ec\" data-element_type=\"section\">\n\t\t\t\t\t\t<div class=\"elementor-container elementor-column-gap-default\">\n\t\t\t\t\t\t\t<div class=\"elementor-row\">\n\t\t\t\t\t<div class=\"elementor-column elementor-col-50 elementor-inner-column elementor-element elementor-element-bb7614f\" data-id=\"bb7614f\" data-element_type=\"column\">\n\t\t\t<div class=\"elementor-column-wrap elementor-element-populated\">\n\t\t\t\t\t\t\t<div class=\"elementor-widget-wrap\">\n\t\t\t\t\t\t<div class=\"elementor-element elementor-element-e57289a elementor-flip-box--direction-right elementor-flip-box--3d elementor-flip-box--effect-flip elementor-widget elementor-widget-flip-box\" data-id=\"e57289a\" data-element_type=\"widget\" data-widget_type=\"flip-box.default\">\n\t\t\t\t<div class=\"elementor-widget-container\">\n\t\t\t\t\t<div class=\"elementor-flip-box\">\n\t\t\t<div class=\"elementor-flip-box__layer elementor-flip-box__front\">\n\t\t\t\t<div class=\"elementor-flip-box__layer__overlay\">\n\t\t\t\t\t<div class=\"elementor-flip-box__layer__inner\">\n\t\t\t\t\t\t\t\t\t\t\t\t\t<div class=\"elementor-flip-box__image\">\n\t\t\t\t\t\t\t\t<img width=\"530\" height=\"400\" src=\"http:\/\/algornet.com\/wp-content\/uploads\/2020\/05\/marche_opt.jpg\" class=\"attachment-full size-full\" alt=\"\" loading=\"lazy\" srcset=\"http:\/\/algornet.com\/wp-content\/uploads\/2020\/05\/marche_opt.jpg 530w, http:\/\/algornet.com\/wp-content\/uploads\/2020\/05\/marche_opt-300x226.jpg 300w\" sizes=\"(max-width: 530px) 100vw, 530px\" \/>\t\t\t\t\t\t\t<\/div>\n\t\t\t\t\t\t\n\t\t\t\t\t\t\t\t\t\t\t\t\t<h3 class=\"elementor-flip-box__layer__title\">\n\t\t\t\t\t\t\t\t<p class=\"title_flip_left\">MARCHEMAISONS<\/p>\t\t\t\t\t\t\t<\/h3>\n\t\t\t\t\t\t\n\t\t\t\t\t\t\t\t\t\t\t\t\t<div class=\"elementor-flip-box__layer__description\">\n\t\t\t\t\t\t\t\t\n<div class=\"text_body_flip_left\">\n\t\n\tLotissement intercommunal \"Les champs de la vie\" : <br><br>\n\t\t\t<div>Venez profiter du charme et du calme de la vie \u00e0 la campagne. Ce lotissement est situ\u00e9 en c\u0153ur de bourg, proche de la for\u00eat domaniale de Bourse et \u00e0 5 km de tous les services (\u00e9cole, cr\u00e8che, centre de loisirs) et commerces.\n\t<\/div>\n\t\t\n<\/div>\t\t\t\t\t\t\t<\/div>\n\t\t\t\t\t\t\t\t\t\t\t<\/div>\n\t\t\t\t<\/div>\n\t\t\t<\/div>\n\t\t\t<div class=\"elementor-flip-box__layer elementor-flip-box__back\">\n\t\t\t<div class=\"elementor-flip-box__layer__overlay\">\n\t\t\t\t<div class=\"elementor-flip-box__layer__inner\">\n\t\t\t\t\t\n\t\t\t\t\t\t\t\t\t\t\t<div class=\"elementor-flip-box__layer__description\">\n\t\t\t\t\t\t\t<ul>\n\t<li><strong>Tarif :<\/strong> 26,10 \u20ac \/ m\u00b2<\/li>\n\t<li><strong>Surface des parcelles :<\/strong> de 988 \u00e0 1 492 m\u00b2<\/li>\n\t<li>Les lots 2 et 3 sont d\u00e9j\u00e0 pourvus.<\/li>\n\t<li>\n\t\t<strong>Pour toute information, contactez notre collectivit\u00e9 :<\/strong>\n\t<\/li>\n\t<li>02 33 27 61 02<\/li>\n\t<li>direction@algornet.com<\/li>\n<\/ul>\n\t\t\t\t\t\t<\/div>\n\t\t\t\t\t\n\t\t\t\t\t\t\t\t<\/div>\n\t\t<\/div>\n\t\t<\/div>\n\t\t<\/div>\n\t\t\t\t<\/div>\n\t\t\t\t<\/div>\n\t\t\t\t<div class=\"elementor-element elementor-element-4cf5433 elementor-widget elementor-widget-google_maps\" data-id=\"4cf5433\" data-element_type=\"widget\" data-widget_type=\"google_maps.default\">\n\t\t\t\t<div class=\"elementor-widget-container\">\n\t\t\t\t\t<div class=\"elementor-custom-embed\">\n\t\t\t<iframe frameborder=\"0\" scrolling=\"no\" marginheight=\"0\" marginwidth=\"0\"\n\t\t\t\t\tsrc=\"https:\/\/maps.google.com\/maps?q=marchemaisons&#038;t=m&#038;z=12&#038;output=embed&#038;iwloc=near\"\n\t\t\t\t\ttitle=\"marchemaisons\"\n\t\t\t\t\taria-label=\"marchemaisons\"\n\t\t\t><\/iframe>\n\t\t<\/div>\n\t\t\t\t<\/div>\n\t\t\t\t<\/div>\n\t\t\t\t\t\t<\/div>\n\t\t\t\t\t<\/div>\n\t\t<\/div>\n\t\t\t\t<div class=\"elementor-column elementor-col-50 elementor-inner-column elementor-element elementor-element-d60ab30\" data-id=\"d60ab30\" data-element_type=\"column\">\n\t\t\t<div class=\"elementor-column-wrap elementor-element-populated\">\n\t\t\t\t\t\t\t<div class=\"elementor-widget-wrap\">\n\t\t\t\t\t\t<div class=\"elementor-element elementor-element-a26836a elementor-flip-box--direction-right elementor-flip-box--3d elementor-flip-box--effect-flip elementor-widget elementor-widget-flip-box\" data-id=\"a26836a\" data-element_type=\"widget\" data-widget_type=\"flip-box.default\">\n\t\t\t\t<div class=\"elementor-widget-container\">\n\t\t\t\t\t<div class=\"elementor-flip-box\">\n\t\t\t<div class=\"elementor-flip-box__layer elementor-flip-box__front\">\n\t\t\t\t<div class=\"elementor-flip-box__layer__overlay\">\n\t\t\t\t\t<div class=\"elementor-flip-box__layer__inner\">\n\t\t\t\t\t\t\t\t\t\t\t\t\t<div class=\"elementor-flip-box__image\">\n\t\t\t\t\t\t\t\t<img width=\"530\" height=\"400\" src=\"http:\/\/algornet.com\/wp-content\/uploads\/2020\/05\/lotissements_opt.jpg\" class=\"attachment-full size-full\" alt=\"\" loading=\"lazy\" srcset=\"http:\/\/algornet.com\/wp-content\/uploads\/2020\/05\/lotissements_opt.jpg 530w, http:\/\/algornet.com\/wp-content\/uploads\/2020\/05\/lotissements_opt-300x226.jpg 300w\" sizes=\"(max-width: 530px) 100vw, 530px\" \/>\t\t\t\t\t\t\t<\/div>\n\t\t\t\t\t\t\n\t\t\t\t\t\t\t\t\t\t\t\t\t<h3 class=\"elementor-flip-box__layer__title\">\n\t\t\t\t\t\t\t\t<p class=\"title_flip_right\">SAINT-L\u00c9GER-SUR-SARTHE<\/p>\t\t\t\t\t\t\t<\/h3>\n\t\t\t\t\t\t\n\t\t\t\t\t\t\t\t\t\t\t\t\t<div class=\"elementor-flip-box__layer__description\">\n\t\t\t\t\t\t\t\t\n<div class=\"text_body_flip_right\">\n\t\n\tLotissement intercommunal \"Les Clair\u00e9s\" : \t<br><br>\n\t\t\t<div>Venez profiter de ce charmant lotissement, d'un \u00e9crin de nature pr\u00e9serv\u00e9e, \u00e0 moins de 3 km des services (\u00e9cole, cr\u00e8che et centre de loisirs) et des commerces. \nProche de la Nationale 12.\n\t<\/div>\n\t\t\n<\/div>\t\t\t\t\t\t\t<\/div>\n\t\t\t\t\t\t\t\t\t\t\t<\/div>\n\t\t\t\t<\/div>\n\t\t\t<\/div>\n\t\t\t<div class=\"elementor-flip-box__layer elementor-flip-box__back\">\n\t\t\t<div class=\"elementor-flip-box__layer__overlay\">\n\t\t\t\t<div class=\"elementor-flip-box__layer__inner\">\n\t\t\t\t\t\n\t\t\t\t\t\t\t\t\t\t\t<div class=\"elementor-flip-box__layer__description\">\n\t\t\t\t\t\t\t<ul>\n\t<li><strong>Tarif : <\/strong>26,10 \u20ac \/ m\u00b2<\/li>\n\t<li><strong>Surface des parcelles : <\/strong>de 1 199 \u00e0 2 021 m\u00b2<\/li>\n\t<li>7 parcelles.<\/li>\n\t<li>\n\t\t<strong>Pour toute information, contactez notre collectivit\u00e9 :<\/strong>\n\t<\/li>\n\t<li>02 33 27 61 02<\/li>\n\t<li>direction@algornet.com<\/li>\n<\/ul>\t\t\t\t\t\t<\/div>\n\t\t\t\t\t\n\t\t\t\t\t\t\t\t<\/div>\n\t\t<\/div>\n\t\t<\/div>\n\t\t<\/div>\n\t\t\t\t<\/div>\n\t\t\t\t<\/div>\n\t\t\t\t<div class=\"elementor-element elementor-element-adffed6 elementor-widget elementor-widget-google_maps\" data-id=\"adffed6\" data-element_type=\"widget\" data-widget_type=\"google_maps.default\">\n\t\t\t\t<div class=\"elementor-widget-container\">\n\t\t\t\t\t<div class=\"elementor-custom-embed\">\n\t\t\t<iframe frameborder=\"0\" scrolling=\"no\" marginheight=\"0\" marginwidth=\"0\"\n\t\t\t\t\tsrc=\"https:\/\/maps.google.com\/maps?q=saint%20leger%20sur%20sarthe&#038;t=m&#038;z=10&#038;output=embed&#038;iwloc=near\"\n\t\t\t\t\ttitle=\"saint leger sur sarthe\"\n\t\t\t\t\taria-label=\"saint leger sur sarthe\"\n\t\t\t><\/iframe>\n\t\t<\/div>\n\t\t\t\t<\/div>\n\t\t\t\t<\/div>\n\t\t\t\t\t\t<\/div>\n\t\t\t\t\t<\/div>\n\t\t<\/div>\n\t\t\t\t\t\t\t\t<\/div>\n\t\t\t\t\t<\/div>\n\t\t<\/section>\n\t\t\t\t\t\t<\/div>\n\t\t\t\t\t<\/div>\n\t\t<\/div>\n\t\t\t\t\t\t\t\t<\/div>\n\t\t\t\t\t<\/div>\n\t\t<\/section>\n\t\t\t\t\t\t<\/div>\n\t\t\t\t\t\t<\/div>\n\t\t\t\t\t<\/div>","protected":false},"excerpt":{"rendered":"<p>Lotissements MARCHEMAISONS Lotissement intercommunal \u00ab\u00a0Les champs de la vie\u00a0\u00bb : Venez profiter du charme et du calme de la vie \u00e0 la campagne. Ce lotissement est situ\u00e9 en c\u0153ur de bourg, proche de la for\u00eat domaniale de Bourse et \u00e0 5 km de tous les services (\u00e9cole, cr\u00e8che, centre de loisirs) et commerces. Tarif : [&hellip;]<\/p>","protected":false},"author":1,"featured_media":0,"parent":0,"menu_order":0,"comment_status":"closed","ping_status":"closed","template":"elementor_header_footer","meta":[],"categories":[],"tags":[],"_links":{"self":[{"href":"http:\/\/algornet.com\/en\/wp-json\/wp\/v2\/pages\/3926"}],"collection":[{"href":"http:\/\/algornet.com\/en\/wp-json\/wp\/v2\/pages"}],"about":[{"href":"http:\/\/algornet.com\/en\/wp-json\/wp\/v2\/types\/page"}],"author":[{"embeddable":true,"href":"http:\/\/algornet.com\/en\/wp-json\/wp\/v2\/users\/1"}],"replies":[{"embeddable":true,"href":"http:\/\/algornet.com\/en\/wp-json\/wp\/v2\/comments?post=3926"}],"version-history":[{"count":9,"href":"http:\/\/algornet.com\/en\/wp-json\/wp\/v2\/pages\/3926\/revisions"}],"predecessor-version":[{"id":11728,"href":"http:\/\/algornet.com\/en\/wp-json\/wp\/v2\/pages\/3926\/revisions\/11728"}],"wp:attachment":[{"href":"http:\/\/algornet.com\/en\/wp-json\/wp\/v2\/media?parent=3926"}],"wp:term":[{"taxonomy":"category","embeddable":true,"href":"http:\/\/algornet.com\/en\/wp-json\/wp\/v2\/categories?post=3926"},{"taxonomy":"post_tag","embeddable":true,"href":"http:\/\/algornet.com\/en\/wp-json\/wp\/v2\/tags?post=3926"}],"curies":[{"name":"wp","href":"https:\/\/api.w.org\/{rel}","templated":true}]}}