{"id":2630,"date":"2020-04-06T14:25:47","date_gmt":"2020-04-06T13:25:47","guid":{"rendered":"http:\/\/algornet.com\/?page_id=2630"},"modified":"2020-05-05T16:07:25","modified_gmt":"2020-05-05T15:07:25","slug":"centre-plein-air","status":"publish","type":"page","link":"http:\/\/algornet.com\/en\/centre-plein-air\/","title":{"rendered":"Centre plein air"},"content":{"rendered":"<div data-elementor-type=\"wp-page\" data-elementor-id=\"2630\" class=\"elementor elementor-2630\" data-elementor-settings=\"[]\">\n\t\t\t\t\t\t<div class=\"elementor-inner\">\n\t\t\t\t\t\t\t<div class=\"elementor-section-wrap\">\n\t\t\t\t\t\t\t<section data-particle_enable=\"false\" data-particle-mobile-disabled=\"false\" class=\"elementor-section elementor-top-section elementor-element elementor-element-eb3e29d elementor-section-boxed elementor-section-height-default elementor-section-height-default\" data-id=\"eb3e29d\" data-element_type=\"section\" data-settings=\"{&quot;background_background&quot;:&quot;classic&quot;}\">\n\t\t\t\t\t\t<div class=\"elementor-container elementor-column-gap-default\">\n\t\t\t\t\t\t\t<div class=\"elementor-row\">\n\t\t\t\t\t<div class=\"elementor-column elementor-col-100 elementor-top-column elementor-element elementor-element-feb3405\" data-id=\"feb3405\" data-element_type=\"column\" data-settings=\"{&quot;background_background&quot;:&quot;classic&quot;}\">\n\t\t\t<div class=\"elementor-column-wrap elementor-element-populated\">\n\t\t\t\t\t\t\t<div class=\"elementor-widget-wrap\">\n\t\t\t\t\t\t<div class=\"elementor-element elementor-element-9a6f249 elementor-widget elementor-widget-heading\" data-id=\"9a6f249\" data-element_type=\"widget\" data-widget_type=\"heading.default\">\n\t\t\t\t<div class=\"elementor-widget-container\">\n\t\t\t<h2 class=\"elementor-heading-title elementor-size-default\">Centre de plein air du Pays M\u00ealois\n\n<\/h2>\t\t<\/div>\n\t\t\t\t<\/div>\n\t\t\t\t<div class=\"elementor-element elementor-element-b116fe5 elementor-widget elementor-widget-heading\" data-id=\"b116fe5\" data-element_type=\"widget\" data-widget_type=\"heading.default\">\n\t\t\t\t<div class=\"elementor-widget-container\">\n\t\t\t<h2 class=\"elementor-heading-title elementor-size-default\">Horaires d'ouverture de la base de loisirs\n\n\n\n<\/h2>\t\t<\/div>\n\t\t\t\t<\/div>\n\t\t\t\t<section data-particle_enable=\"false\" data-particle-mobile-disabled=\"false\" class=\"elementor-section elementor-inner-section elementor-element elementor-element-ca8a8cc elementor-section-boxed elementor-section-height-default elementor-section-height-default\" data-id=\"ca8a8cc\" data-element_type=\"section\">\n\t\t\t\t\t\t<div class=\"elementor-container elementor-column-gap-no\">\n\t\t\t\t\t\t\t<div class=\"elementor-row\">\n\t\t\t\t\t<div class=\"elementor-column elementor-col-100 elementor-inner-column elementor-element elementor-element-ed61215\" data-id=\"ed61215\" data-element_type=\"column\">\n\t\t\t<div class=\"elementor-column-wrap elementor-element-populated\">\n\t\t\t\t\t\t\t<div class=\"elementor-widget-wrap\">\n\t\t\t\t\t\t<div class=\"elementor-element elementor-element-d6367a1 elementor-position-left elementor-vertical-align-top elementor-widget elementor-widget-image-box\" data-id=\"d6367a1\" data-element_type=\"widget\" data-widget_type=\"image-box.default\">\n\t\t\t\t<div class=\"elementor-widget-container\">\n\t\t\t<div class=\"elementor-image-box-wrapper\"><figure class=\"elementor-image-box-img\"><img width=\"210\" height=\"118\" src=\"http:\/\/algornet.com\/wp-content\/uploads\/2020\/03\/plein-air.png\" class=\"attachment-full size-full\" alt=\"\" loading=\"lazy\" \/><\/figure><div class=\"elementor-image-box-content\"><h3 class=\"elementor-image-box-title\">Le Centre de plein air vous propose son accueil collectif pour mineurs<\/h3><p class=\"elementor-image-box-description\">\n<ul>\n  \n\t<li><strong> Adresse : <\/strong>3bis place du 11 ao\u00fbt, 61170 Le M\u00eale sur Sarthe<\/li>\n\t<li><strong>T\u00e9l. : <\/strong>02 33 27 51 83<\/li>\n\t<li><strong>E-mail : <\/strong>centrepleinair@wanadoo.fr<\/li>\n\t\n<\/ul>\n\n<\/p><\/div><\/div>\t\t<\/div>\n\t\t\t\t<\/div>\n\t\t\t\t<div class=\"elementor-element elementor-element-bb40cee elementor-invisible elementor-widget elementor-widget-image\" data-id=\"bb40cee\" data-element_type=\"widget\" data-settings=\"{&quot;_animation&quot;:&quot;fadeInDown&quot;}\" data-widget_type=\"image.default\">\n\t\t\t\t<div class=\"elementor-widget-container\">\n\t\t\t\t\t\t\t\t<div class=\"elementor-image\">\n\t\t\t\t\t\t\t\t\t\t\t\t<img src=\"http:\/\/algornet.com\/wp-content\/uploads\/2020\/04\/centre_1.jpg\" title=\"\" alt=\"\" \/>\t\t\t\t\t\t\t\t\t\t\t\t\t\t<\/div>\n\t\t\t\t\t\t<\/div>\n\t\t\t\t<\/div>\n\t\t\t\t\t\t<\/div>\n\t\t\t\t\t<\/div>\n\t\t<\/div>\n\t\t\t\t\t\t\t\t<\/div>\n\t\t\t\t\t<\/div>\n\t\t<\/section>\n\t\t\t\t<section data-particle_enable=\"false\" data-particle-mobile-disabled=\"false\" class=\"elementor-section elementor-inner-section elementor-element elementor-element-67a15d0 elementor-section-boxed elementor-section-height-default elementor-section-height-default\" data-id=\"67a15d0\" data-element_type=\"section\">\n\t\t\t\t\t\t<div class=\"elementor-container elementor-column-gap-default\">\n\t\t\t\t\t\t\t<div class=\"elementor-row\">\n\t\t\t\t\t<div class=\"elementor-column elementor-col-100 elementor-inner-column elementor-element elementor-element-63e5871\" data-id=\"63e5871\" data-element_type=\"column\">\n\t\t\t<div class=\"elementor-column-wrap elementor-element-populated\">\n\t\t\t\t\t\t\t<div class=\"elementor-widget-wrap\">\n\t\t\t\t\t\t<div class=\"elementor-element elementor-element-48f7702 elementor-widget elementor-widget-heading\" data-id=\"48f7702\" data-element_type=\"widget\" data-widget_type=\"heading.default\">\n\t\t\t\t<div class=\"elementor-widget-container\">\n\t\t\t<h2 class=\"elementor-heading-title elementor-size-default\">\u00ab Accueil des enfants \u00bb\n\n\n\n\n<\/h2>\t\t<\/div>\n\t\t\t\t<\/div>\n\t\t\t\t<div class=\"elementor-element elementor-element-5a220a0 elementor-widget elementor-widget-heading\" data-id=\"5a220a0\" data-element_type=\"widget\" data-widget_type=\"heading.default\">\n\t\t\t\t<div class=\"elementor-widget-container\">\n\t\t\t<h2 class=\"elementor-heading-title elementor-size-default\">Les mercredis\n\n\n\n\n\n<\/h2>\t\t<\/div>\n\t\t\t\t<\/div>\n\t\t\t\t<div class=\"elementor-element elementor-element-cff8593 elementor-widget elementor-widget-text-editor\" data-id=\"cff8593\" data-element_type=\"widget\" data-widget_type=\"text-editor.default\">\n\t\t\t\t<div class=\"elementor-widget-container\">\n\t\t\t\t\t\t\t\t<div class=\"elementor-text-editor elementor-clearfix\">\n\t\t\t\t<strong>Pour les enfants de 4 ans jusqu&rsquo;au CM2 :\n<\/strong>\n\nL&rsquo;accueil de loisirs est ouvert tous les mercredis de 8h30 \u00e0 17h30 avec possibilit\u00e9 de garderie \u00e0 partir de 8h et jusqu&rsquo;\u00e0 18h30. Inscription pr\u00e9alables obligatoires ( nombre de places limit\u00e9es)\t\t\t\t\t<\/div>\n\t\t\t\t\t\t<\/div>\n\t\t\t\t<\/div>\n\t\t\t\t<div class=\"elementor-element elementor-element-a5afe73 elementor-widget elementor-widget-heading\" data-id=\"a5afe73\" data-element_type=\"widget\" data-widget_type=\"heading.default\">\n\t\t\t\t<div class=\"elementor-widget-container\">\n\t\t\t<h2 class=\"elementor-heading-title elementor-size-default\">Accueil p\u00e9riscolaire\n\n\n\n<\/h2>\t\t<\/div>\n\t\t\t\t<\/div>\n\t\t\t\t<div class=\"elementor-element elementor-element-3859864 elementor-widget elementor-widget-text-editor\" data-id=\"3859864\" data-element_type=\"widget\" data-widget_type=\"text-editor.default\">\n\t\t\t\t<div class=\"elementor-widget-container\">\n\t\t\t\t\t\t\t\t<div class=\"elementor-text-editor elementor-clearfix\">\n\t\t\t\t<p><strong>Pour l&rsquo;accueil p\u00e9riscolaire au CP au Cm2 :<\/strong><\/p><p>\u00a0<\/p><p>L&rsquo;\u00e9quipe peut prendre en charge les enfants \u00e0 la\u00a0<strong>sortie de l&rsquo;\u00e9cole Maurice G\u00e9rard<\/strong>\u00a0les lundis, mardis, jeudis et vendredis \u00e0 partir de 16h pour l&rsquo;aide aux devoirs et des activit\u00e9s dans les locaux du centre.<\/p>\t\t\t\t\t<\/div>\n\t\t\t\t\t\t<\/div>\n\t\t\t\t<\/div>\n\t\t\t\t<div class=\"elementor-element elementor-element-14280eb elementor-widget elementor-widget-heading\" data-id=\"14280eb\" data-element_type=\"widget\" data-widget_type=\"heading.default\">\n\t\t\t\t<div class=\"elementor-widget-container\">\n\t\t\t<h2 class=\"elementor-heading-title elementor-size-default\">Pendant les petites et grandes vacances\n\n\n<\/h2>\t\t<\/div>\n\t\t\t\t<\/div>\n\t\t\t\t<div class=\"elementor-element elementor-element-c62a9ea elementor-widget elementor-widget-text-editor\" data-id=\"c62a9ea\" data-element_type=\"widget\" data-widget_type=\"text-editor.default\">\n\t\t\t\t<div class=\"elementor-widget-container\">\n\t\t\t\t\t\t\t\t<div class=\"elementor-text-editor elementor-clearfix\">\n\t\t\t\t<ul><li>Avec garderie et cantine.<\/li><li>Sur inscription.<\/li><li>Programmes d\u2019activit\u00e9s diversifi\u00e9es con\u00e7us en fonction de l&rsquo;int\u00e9r\u00eat p\u00e9dagogique des enfants.<\/li><\/ul>\t\t\t\t\t<\/div>\n\t\t\t\t\t\t<\/div>\n\t\t\t\t<\/div>\n\t\t\t\t<div class=\"elementor-element elementor-element-fa74061 elementor-widget elementor-widget-heading\" data-id=\"fa74061\" data-element_type=\"widget\" data-widget_type=\"heading.default\">\n\t\t\t\t<div class=\"elementor-widget-container\">\n\t\t\t<h2 class=\"elementor-heading-title elementor-size-default\">Pendant les s\u00e9jours d'\u00e9t\u00e9 (3 \u00e0 5 jours)\n\n<\/h2>\t\t<\/div>\n\t\t\t\t<\/div>\n\t\t\t\t<div class=\"elementor-element elementor-element-3fe2bf2 elementor-widget elementor-widget-text-editor\" data-id=\"3fe2bf2\" data-element_type=\"widget\" data-widget_type=\"text-editor.default\">\n\t\t\t\t<div class=\"elementor-widget-container\">\n\t\t\t\t\t\t\t\t<div class=\"elementor-text-editor elementor-clearfix\">\n\t\t\t\t<p><strong>Pour les enfants de 4 \u00e0 16 ans<\/strong><\/p><p>S\u00e9jours lointains (mer) ou de proximit\u00e9 (\u00e9quitation, vtt, voile, kayak, p\u00eache, \u2026)<\/p>\t\t\t\t\t<\/div>\n\t\t\t\t\t\t<\/div>\n\t\t\t\t<\/div>\n\t\t\t\t<div class=\"elementor-element elementor-element-0a22a80 elementor-widget elementor-widget-heading\" data-id=\"0a22a80\" data-element_type=\"widget\" data-widget_type=\"heading.default\">\n\t\t\t\t<div class=\"elementor-widget-container\">\n\t\t\t<h2 class=\"elementor-heading-title elementor-size-default\">et des ados (\u00e0 partir du coll\u00e8ge)\n<\/h2>\t\t<\/div>\n\t\t\t\t<\/div>\n\t\t\t\t<div class=\"elementor-element elementor-element-abc5c55 elementor-widget elementor-widget-text-editor\" data-id=\"abc5c55\" data-element_type=\"widget\" data-widget_type=\"text-editor.default\">\n\t\t\t\t<div class=\"elementor-widget-container\">\n\t\t\t\t\t\t\t\t<div class=\"elementor-text-editor elementor-clearfix\">\n\t\t\t\t<p><strong>Pour les jeunes \u00e0 partir de la 6\u00e8me<\/strong>, les mardis et jeudis de la p\u00e9riode scolaire de 17h00 \u00e0 18h30.<\/p><p><br \/>Cet accueil ne co\u00fbte que le prix de l\u2019adh\u00e9sion (10 \u20ac) et est sans obligation de pr\u00e9sence.<\/p><p><br \/>Le groupe est accompagn\u00e9 dans la cr\u00e9ation de leurs projets de loisirs (sorties, s\u00e9jours\u2026) ou tout simplement pour passer des moments conviviaux autour d\u2019un go\u00fbter et de jeux.<\/p><p><br \/><em>Les objectifs de l\u2019accueil sont :<\/em><\/p><ul><li>Rendre les jeunes acteurs de leurs temps de loisirs<\/li><li>Favoriser la d\u00e9couverte : des autres, d\u2019activit\u00e9s et de territoires<\/li><li>Responsabiliser les jeunes et les pr\u00e9parer \u00e0 leur futur r\u00f4le d\u2019adultes citoyens<\/li><\/ul><p><br \/>Dans le cadre de cet accueil, les jeunes ont une place centrale et sont d\u00e9cisionnaires ainsi qu\u2019acteurs de tous les projets. Ils sont accompagn\u00e9s dans la mise en place des activit\u00e9s, de l\u2019intendance des budgets\u2026 Ils se responsabilisent en participant \u00e0 des actions d\u2019autofinancement et ils organisent eux m\u00eame toute la communication autour de leur projet (r\u00e9union parents\u2026).<\/p><p><br \/>Situ\u00e9 \u00e0 proximit\u00e9 du coll\u00e8ge Louis Grenier, les jeunes peuvent se rendre\u00a0 facilement les locaux du centre apr\u00e8s les cours et sont encadr\u00e9s par une \u00e9quipe dipl\u00f4m\u00e9e et reconnue sur le territoire depuis plusieurs ann\u00e9es.<br \/><br \/><em>Pr\u00e9c\u00e9dents projets :<\/em><br \/><em>&#8211; Sorties et soir\u00e9es (laser game, patinoire, soir\u00e9es th\u00e9matiques au Centre\u2026)<\/em><br \/><em>&#8211; S\u00e9jour 2014 \u00e0 la mer avec char \u00e0 voile, bou\u00e9e tract\u00e9e\u2026<\/em><br \/><em>&#8211; S\u00e9jour 2015 en Suisse Normande avec escalade, kayak, tir \u00e0 l\u2019arc, accrobranches et randonn\u00e9e p\u00e9destre<\/em><\/p><p><br \/>Accueil gratuit.<\/p>\t\t\t\t\t<\/div>\n\t\t\t\t\t\t<\/div>\n\t\t\t\t<\/div>\n\t\t\t\t\t\t<\/div>\n\t\t\t\t\t<\/div>\n\t\t<\/div>\n\t\t\t\t\t\t\t\t<\/div>\n\t\t\t\t\t<\/div>\n\t\t<\/section>\n\t\t\t\t<div class=\"elementor-element elementor-element-99033c8 elementor-widget elementor-widget-gallery\" data-id=\"99033c8\" data-element_type=\"widget\" data-settings=\"{&quot;gap&quot;:{&quot;unit&quot;:&quot;px&quot;,&quot;size&quot;:6,&quot;sizes&quot;:[]},&quot;lazyload&quot;:&quot;yes&quot;,&quot;gallery_layout&quot;:&quot;grid&quot;,&quot;columns&quot;:4,&quot;columns_tablet&quot;:2,&quot;columns_mobile&quot;:1,&quot;gap_tablet&quot;:{&quot;unit&quot;:&quot;px&quot;,&quot;size&quot;:10,&quot;sizes&quot;:[]},&quot;gap_mobile&quot;:{&quot;unit&quot;:&quot;px&quot;,&quot;size&quot;:10,&quot;sizes&quot;:[]},&quot;link_to&quot;:&quot;file&quot;,&quot;aspect_ratio&quot;:&quot;3:2&quot;,&quot;overlay_background&quot;:&quot;yes&quot;,&quot;content_hover_animation&quot;:&quot;fade-in&quot;}\" data-widget_type=\"gallery.default\">\n\t\t\t\t<div class=\"elementor-widget-container\">\n\t\t\t\t\t<div class=\"elementor-gallery__container\">\n\t\t\t\t\t<\/div>\n\t\t\t<\/div>\n\t\t\t\t<\/div>\n\t\t\t\t\t\t<\/div>\n\t\t\t\t\t<\/div>\n\t\t<\/div>\n\t\t\t\t\t\t\t\t<\/div>\n\t\t\t\t\t<\/div>\n\t\t<\/section>\n\t\t\t\t\t\t<\/div>\n\t\t\t\t\t\t<\/div>\n\t\t\t\t\t<\/div>","protected":false},"excerpt":{"rendered":"<p>Centre de plein air du Pays M\u00ealois Horaires d&rsquo;ouverture de la base de loisirs Le Centre de plein air vous propose son accueil collectif pour mineurs Adresse : 3bis place du 11 ao\u00fbt, 61170 Le M\u00eale sur Sarthe T\u00e9l. : 02 33 27 51 83 E-mail : centrepleinair@wanadoo.fr \u00ab Accueil des enfants \u00bb Les mercredis [&hellip;]<\/p>","protected":false},"author":1,"featured_media":0,"parent":0,"menu_order":0,"comment_status":"closed","ping_status":"closed","template":"elementor_header_footer","meta":[],"categories":[],"tags":[],"_links":{"self":[{"href":"http:\/\/algornet.com\/en\/wp-json\/wp\/v2\/pages\/2630"}],"collection":[{"href":"http:\/\/algornet.com\/en\/wp-json\/wp\/v2\/pages"}],"about":[{"href":"http:\/\/algornet.com\/en\/wp-json\/wp\/v2\/types\/page"}],"author":[{"embeddable":true,"href":"http:\/\/algornet.com\/en\/wp-json\/wp\/v2\/users\/1"}],"replies":[{"embeddable":true,"href":"http:\/\/algornet.com\/en\/wp-json\/wp\/v2\/comments?post=2630"}],"version-history":[{"count":0,"href":"http:\/\/algornet.com\/en\/wp-json\/wp\/v2\/pages\/2630\/revisions"}],"wp:attachment":[{"href":"http:\/\/algornet.com\/en\/wp-json\/wp\/v2\/media?parent=2630"}],"wp:term":[{"taxonomy":"category","embeddable":true,"href":"http:\/\/algornet.com\/en\/wp-json\/wp\/v2\/categories?post=2630"},{"taxonomy":"post_tag","embeddable":true,"href":"http:\/\/algornet.com\/en\/wp-json\/wp\/v2\/tags?post=2630"}],"curies":[{"name":"wp","href":"https:\/\/api.w.org\/{rel}","templated":true}]}}